{"id":6977,"date":"2025-09-14T08:06:23","date_gmt":"2025-09-14T08:06:23","guid":{"rendered":"https:\/\/eventco.ch\/?page_id=6977"},"modified":"2025-09-21T21:31:25","modified_gmt":"2025-09-21T21:31:25","slug":"disclaimer","status":"publish","type":"page","link":"https:\/\/eventco.ch\/de\/disclaimer\/","title":{"rendered":"Haftungsausschluss"},"content":{"rendered":"<div data-colibri-id=\"6977-c1\" class=\"style-3375 style-local-6977-c1 position-relative\">\n  <!---->\n  <div data-colibri-component=\"section\" data-colibri-id=\"6977-c2\" id=\"custom\" class=\"h-section h-section-global-spacing d-flex align-items-lg-center align-items-md-center align-items-center style-3376 style-local-6977-c2 position-relative\">\n    <!---->\n    <!---->\n    <div class=\"h-section-grid-container h-section-boxed-container\">\n      <!---->\n      <div data-colibri-id=\"6977-c3\" class=\"h-row-container gutters-row-lg-2 gutters-row-md-2 gutters-row-0 gutters-row-v-lg-2 gutters-row-v-md-2 gutters-row-v-2 style-3377 style-local-6977-c3 position-relative\">\n        <!---->\n        <div class=\"h-row justify-content-lg-center justify-content-md-center justify-content-center align-items-lg-stretch align-items-md-stretch align-items-stretch gutters-col-lg-2 gutters-col-md-2 gutters-col-0 gutters-col-v-lg-2 gutters-col-v-md-2 gutters-col-v-2\">\n          <!---->\n          <div class=\"h-column h-column-container d-flex h-col-lg-auto h-col-md-auto h-col-auto style-3378-outer style-local-6977-c4-outer\">\n            <div data-colibri-id=\"6977-c4\" class=\"d-flex h-flex-basis h-column__inner h-px-lg-2 h-px-md-2 h-px-2 v-inner-lg-2 v-inner-md-2 v-inner-2 style-3378 style-local-6977-c4 position-relative\">\n              <!---->\n              <!---->\n              <div class=\"w-100 h-y-container h-column__content h-column__v-align flex-basis-100 align-self-lg-start align-self-md-start align-self-start\">\n                <!---->\n                <div data-colibri-id=\"6977-c5\" class=\"style-3379 style-local-6977-c5 position-relative h-element\">\n                  <!---->\n                <\/div>\n                <div data-colibri-id=\"6977-c6\" class=\"h-text h-text-component style-3380 style-local-6977-c6 position-relative h-element\">\n                  <!---->\n                  <!---->\n                  <div class=\"\">\n                    <h3>Haftungsausschluss<\/h3>\n                    <p>Die Informationen auf dieser Website<span target=\"_new\" rel=\"noopener\">(www.eventco.ch)<\/span>dienen ausschliesslich allgemeinen Informationszwecken. Auch wenn Eventco\u00ae (\u201ewir\u201c, \u201euns\u201c, \u201eunser\u201c) sich bem\u00fcht, die Inhalte aktuell und korrekt zu halten, \u00fcbernehmen wir keinerlei Zusicherungen oder Garantien \u2013 weder ausdr\u00fccklich noch stillschweigend \u2013 bez\u00fcglich Vollst\u00e4ndigkeit, Richtigkeit, Verl\u00e4sslichkeit, Eignung oder Verf\u00fcgbarkeit der hier enthaltenen Informationen. Wenn Sie sich auf diese Informationen verlassen, tun Sie dies ausschliesslich auf eigenes Risiko.<\/p>\n                    <p><strong>Haftung&nbsp;<\/strong>\n                      <br>In keinem Fall haftet Eventco.\u00ae f\u00fcr Verluste oder Sch\u00e4den \u2013 einschliesslich, aber nicht beschr\u00e4nkt auf indirekte oder Folgesch\u00e4den \u2013 die sich aus der Nutzung dieser Website oder der darin enthaltenen Informationen ergeben.<\/p>\n                    <p><strong>Externe Links<\/strong>\n                      <br> \u00dcber diese Website k\u00f6nnen Sie Links zu anderen Websites aufrufen, die nicht unter der Kontrolle von Eventco\u00ae stehen. Wir haben keinerlei Einfluss auf Art, Inhalt oder Verf\u00fcgbarkeit dieser externen Seiten und \u00fcbernehmen keine Verantwortung f\u00fcr deren Inhalte oder Praktiken. Die Aufnahme von Links bedeutet nicht automatisch eine Empfehlung oder Bef\u00fcrwortung.<\/p>\n                    <p><strong>Kein verbindliches Angebot<\/strong>\n                      <br> Die auf dieser Website dargestellten Informationen und Leistungen stellen kein rechtsverbindliches Angebot dar. Alle Leistungsbeschreibungen sind unverbindlich und k\u00f6nnen jederzeit ge\u00e4ndert werden.<\/p>\n                    <p><strong>Urheberrecht<\/strong>\n                      <br> Alle origin\u00e4ren Inhalte, Designs, Texte und Logos auf dieser Website sind geistiges Eigentum von Eventco.\u00ae. Jede Vervielf\u00e4ltigung, Verbreitung, Ver\u00e4nderung oder kommerzielle Nutzung ohne vorherige schriftliche Zustimmung ist strengstens untersagt. Bestimmte Bilder oder Medien werden unter Lizenz von Drittanbietern verwendet und bleiben Eigentum der jeweiligen Rechteinhaber. Eventco.\u00ae beh\u00e4lt sich ausdr\u00fccklich das Recht vor, im Falle einer unbefugten Nutzung seines geistigen Eigentums rechtliche Schritte einzuleiten.<\/p>\n                    <p>\n                      <br>\n                    <\/p>\n                  <\/div>\n                <\/div>\n              <\/div>\n            <\/div>\n          <\/div>\n        <\/div>\n      <\/div>\n    <\/div>\n  <\/div>\n<\/div>","protected":false},"excerpt":{"rendered":"<p>Disclaimer The information provided on this website (www.eventco.ch) is for general information purposes only. While Eventco.\u00ae (\u201cwe\u201d, \u201cus\u201d, \u201cour\u201d) strives to keep the content accurate and up to date, we make no representations or warranties of any kind, express or implied, about the completeness, accuracy, reliability, suitability, or availability of the information contained on the [&hellip;]<\/p>\n","protected":false},"author":1,"featured_media":0,"parent":0,"menu_order":0,"comment_status":"closed","ping_status":"closed","template":"page-templates\/full-width-page.php","meta":{"footnotes":""},"class_list":["post-6977","page","type-page","status-publish","hentry"],"yoast_head":"<!-- This site is optimized with the Yoast SEO plugin v27.6 - https:\/\/yoast.com\/product\/yoast-seo-wordpress\/ -->\n<title>Disclaimer - Eventco.<\/title>\n<meta name=\"robots\" content=\"index, follow, max-snippet:-1, max-image-preview:large, max-video-preview:-1\" \/>\n<link rel=\"canonical\" href=\"https:\/\/eventco.ch\/de\/disclaimer\/\" \/>\n<meta property=\"og:locale\" content=\"de_DE\" \/>\n<meta property=\"og:type\" content=\"article\" \/>\n<meta property=\"og:title\" content=\"Disclaimer - Eventco.\" \/>\n<meta property=\"og:description\" content=\"Disclaimer The information provided on this website (www.eventco.ch) is for general information purposes only. While Eventco.\u00ae (\u201cwe\u201d, \u201cus\u201d, \u201cour\u201d) strives to keep the content accurate and up to date, we make no representations or warranties of any kind, express or implied, about the completeness, accuracy, reliability, suitability, or availability of the information contained on the [&hellip;]\" \/>\n<meta property=\"og:url\" content=\"https:\/\/eventco.ch\/de\/disclaimer\/\" \/>\n<meta property=\"og:site_name\" content=\"Eventco.\" \/>\n<meta property=\"article:modified_time\" content=\"2025-09-21T21:31:25+00:00\" \/>\n<meta name=\"twitter:card\" content=\"summary_large_image\" \/>\n<meta name=\"twitter:label1\" content=\"Gesch\u00e4tzte Lesezeit\" \/>\n\t<meta name=\"twitter:data1\" content=\"1\u00a0Minute\" \/>\n<script type=\"application\/ld+json\" class=\"yoast-schema-graph\">{\"@context\":\"https:\\\/\\\/schema.org\",\"@graph\":[{\"@type\":\"WebPage\",\"@id\":\"https:\\\/\\\/eventco.ch\\\/disclaimer\\\/\",\"url\":\"https:\\\/\\\/eventco.ch\\\/disclaimer\\\/\",\"name\":\"Disclaimer - Eventco.\",\"isPartOf\":{\"@id\":\"https:\\\/\\\/eventco.ch\\\/#website\"},\"datePublished\":\"2025-09-14T08:06:23+00:00\",\"dateModified\":\"2025-09-21T21:31:25+00:00\",\"breadcrumb\":{\"@id\":\"https:\\\/\\\/eventco.ch\\\/disclaimer\\\/#breadcrumb\"},\"inLanguage\":\"de-CH\",\"potentialAction\":[{\"@type\":\"ReadAction\",\"target\":[\"https:\\\/\\\/eventco.ch\\\/disclaimer\\\/\"]}]},{\"@type\":\"BreadcrumbList\",\"@id\":\"https:\\\/\\\/eventco.ch\\\/disclaimer\\\/#breadcrumb\",\"itemListElement\":[{\"@type\":\"ListItem\",\"position\":1,\"name\":\"Home\",\"item\":\"https:\\\/\\\/eventco.ch\\\/\"},{\"@type\":\"ListItem\",\"position\":2,\"name\":\"Disclaimer\"}]},{\"@type\":\"WebSite\",\"@id\":\"https:\\\/\\\/eventco.ch\\\/#website\",\"url\":\"https:\\\/\\\/eventco.ch\\\/\",\"name\":\"Eventco.\",\"description\":\"Tailored Events\",\"publisher\":{\"@id\":\"https:\\\/\\\/eventco.ch\\\/#organization\"},\"potentialAction\":[{\"@type\":\"SearchAction\",\"target\":{\"@type\":\"EntryPoint\",\"urlTemplate\":\"https:\\\/\\\/eventco.ch\\\/?s={search_term_string}\"},\"query-input\":{\"@type\":\"PropertyValueSpecification\",\"valueRequired\":true,\"valueName\":\"search_term_string\"}}],\"inLanguage\":\"de-CH\"},{\"@type\":\"Organization\",\"@id\":\"https:\\\/\\\/eventco.ch\\\/#organization\",\"name\":\"Eventco.\",\"url\":\"https:\\\/\\\/eventco.ch\\\/\",\"logo\":{\"@type\":\"ImageObject\",\"inLanguage\":\"de-CH\",\"@id\":\"https:\\\/\\\/eventco.ch\\\/#\\\/schema\\\/logo\\\/image\\\/\",\"url\":\"https:\\\/\\\/eventco.ch\\\/wp-content\\\/uploads\\\/2024\\\/08\\\/cropped-cropped-cropped-Logo-Eventco-Negativo.png\",\"contentUrl\":\"https:\\\/\\\/eventco.ch\\\/wp-content\\\/uploads\\\/2024\\\/08\\\/cropped-cropped-cropped-Logo-Eventco-Negativo.png\",\"width\":542,\"height\":572,\"caption\":\"Eventco.\"},\"image\":{\"@id\":\"https:\\\/\\\/eventco.ch\\\/#\\\/schema\\\/logo\\\/image\\\/\"}}]}<\/script>\n<!-- \/ Yoast SEO plugin. -->","yoast_head_json":{"title":"Disclaimer - Eventco.","robots":{"index":"index","follow":"follow","max-snippet":"max-snippet:-1","max-image-preview":"max-image-preview:large","max-video-preview":"max-video-preview:-1"},"canonical":"https:\/\/eventco.ch\/de\/disclaimer\/","og_locale":"de_DE","og_type":"article","og_title":"Disclaimer - Eventco.","og_description":"Disclaimer The information provided on this website (www.eventco.ch) is for general information purposes only. While Eventco.\u00ae (\u201cwe\u201d, \u201cus\u201d, \u201cour\u201d) strives to keep the content accurate and up to date, we make no representations or warranties of any kind, express or implied, about the completeness, accuracy, reliability, suitability, or availability of the information contained on the [&hellip;]","og_url":"https:\/\/eventco.ch\/de\/disclaimer\/","og_site_name":"Eventco.","article_modified_time":"2025-09-21T21:31:25+00:00","twitter_card":"summary_large_image","twitter_misc":{"Gesch\u00e4tzte Lesezeit":"1\u00a0Minute"},"schema":{"@context":"https:\/\/schema.org","@graph":[{"@type":"WebPage","@id":"https:\/\/eventco.ch\/disclaimer\/","url":"https:\/\/eventco.ch\/disclaimer\/","name":"Disclaimer - Eventco.","isPartOf":{"@id":"https:\/\/eventco.ch\/#website"},"datePublished":"2025-09-14T08:06:23+00:00","dateModified":"2025-09-21T21:31:25+00:00","breadcrumb":{"@id":"https:\/\/eventco.ch\/disclaimer\/#breadcrumb"},"inLanguage":"de-CH","potentialAction":[{"@type":"ReadAction","target":["https:\/\/eventco.ch\/disclaimer\/"]}]},{"@type":"BreadcrumbList","@id":"https:\/\/eventco.ch\/disclaimer\/#breadcrumb","itemListElement":[{"@type":"ListItem","position":1,"name":"Home","item":"https:\/\/eventco.ch\/"},{"@type":"ListItem","position":2,"name":"Disclaimer"}]},{"@type":"WebSite","@id":"https:\/\/eventco.ch\/#website","url":"https:\/\/eventco.ch\/","name":"Eventco.","description":"Tailored Events","publisher":{"@id":"https:\/\/eventco.ch\/#organization"},"potentialAction":[{"@type":"SearchAction","target":{"@type":"EntryPoint","urlTemplate":"https:\/\/eventco.ch\/?s={search_term_string}"},"query-input":{"@type":"PropertyValueSpecification","valueRequired":true,"valueName":"search_term_string"}}],"inLanguage":"de-CH"},{"@type":"Organization","@id":"https:\/\/eventco.ch\/#organization","name":"Eventco.","url":"https:\/\/eventco.ch\/","logo":{"@type":"ImageObject","inLanguage":"de-CH","@id":"https:\/\/eventco.ch\/#\/schema\/logo\/image\/","url":"https:\/\/eventco.ch\/wp-content\/uploads\/2024\/08\/cropped-cropped-cropped-Logo-Eventco-Negativo.png","contentUrl":"https:\/\/eventco.ch\/wp-content\/uploads\/2024\/08\/cropped-cropped-cropped-Logo-Eventco-Negativo.png","width":542,"height":572,"caption":"Eventco."},"image":{"@id":"https:\/\/eventco.ch\/#\/schema\/logo\/image\/"}}]}},"_links":{"self":[{"href":"https:\/\/eventco.ch\/de\/wp-json\/wp\/v2\/pages\/6977","targetHints":{"allow":["GET"]}}],"collection":[{"href":"https:\/\/eventco.ch\/de\/wp-json\/wp\/v2\/pages"}],"about":[{"href":"https:\/\/eventco.ch\/de\/wp-json\/wp\/v2\/types\/page"}],"author":[{"embeddable":true,"href":"https:\/\/eventco.ch\/de\/wp-json\/wp\/v2\/users\/1"}],"replies":[{"embeddable":true,"href":"https:\/\/eventco.ch\/de\/wp-json\/wp\/v2\/comments?post=6977"}],"version-history":[{"count":4,"href":"https:\/\/eventco.ch\/de\/wp-json\/wp\/v2\/pages\/6977\/revisions"}],"predecessor-version":[{"id":7201,"href":"https:\/\/eventco.ch\/de\/wp-json\/wp\/v2\/pages\/6977\/revisions\/7201"}],"wp:attachment":[{"href":"https:\/\/eventco.ch\/de\/wp-json\/wp\/v2\/media?parent=6977"}],"curies":[{"name":"wp","href":"https:\/\/api.w.org\/{rel}","templated":true}]}}