{"id":872,"date":"2024-07-27T20:35:09","date_gmt":"2024-07-27T20:35:09","guid":{"rendered":"https:\/\/eventco.ch\/?page_id=872"},"modified":"2025-09-13T20:30:23","modified_gmt":"2025-09-13T20:30:23","slug":"privacy-notice","status":"publish","type":"page","link":"https:\/\/eventco.ch\/de\/privacy-notice\/","title":{"rendered":"Datenschutzerkl\u00e4rung"},"content":{"rendered":"<div data-colibri-id=\"872-c1\" class=\"style-1297 style-local-872-c1 position-relative\">\n  <!---->\n  <div data-colibri-component=\"section\" data-colibri-id=\"872-c2\" id=\"custom\" class=\"h-section h-section-global-spacing d-flex align-items-lg-center align-items-md-center align-items-center style-1299 style-local-872-c2 position-relative\">\n    <!---->\n    <!---->\n    <div class=\"h-section-grid-container h-section-boxed-container\">\n      <!---->\n      <div data-colibri-id=\"872-c3\" class=\"h-row-container gutters-row-lg-2 gutters-row-md-2 gutters-row-0 gutters-row-v-lg-2 gutters-row-v-md-2 gutters-row-v-2 style-1303 style-local-872-c3 position-relative\">\n        <!---->\n        <div class=\"h-row justify-content-lg-center justify-content-md-center justify-content-center align-items-lg-stretch align-items-md-stretch align-items-stretch gutters-col-lg-2 gutters-col-md-2 gutters-col-0 gutters-col-v-lg-2 gutters-col-v-md-2 gutters-col-v-2\">\n          <!---->\n          <div class=\"h-column h-column-container d-flex h-col-lg-auto h-col-md-auto h-col-auto style-1304-outer style-local-872-c4-outer\">\n            <div data-colibri-id=\"872-c4\" class=\"d-flex h-flex-basis h-column__inner h-px-lg-2 h-px-md-2 h-px-2 v-inner-lg-2 v-inner-md-2 v-inner-2 style-1304 style-local-872-c4 position-relative\">\n              <!---->\n              <!---->\n              <div class=\"w-100 h-y-container h-column__content h-column__v-align flex-basis-100 align-self-lg-start align-self-md-start align-self-start\">\n                <!---->\n                <div data-colibri-id=\"872-c5\" class=\"style-1305 style-local-872-c5 position-relative h-element\">\n                  <!---->\n                <\/div>\n                <div data-colibri-id=\"872-c6\" class=\"h-text h-text-component style-1302 style-local-872-c6 position-relative h-element\">\n                  <!---->\n                  <!---->\n                  <div class=\"\">\n                    <h3>Datenschutzerkl\u00e4rung<\/h3>\n                    <p>Eventco\u00ae (\u201ewir\u201c, \u201euns\u201c oder \u201eunser\u201c) respektiert Ihre Privatsph\u00e4re und verpflichtet sich, Ihre personenbezogenen Daten zu sch\u00fctzen. Diese Datenschutzerkl\u00e4rung erkl\u00e4rt, wie wir Ihre Informationen sammeln, verwenden, offenlegen und sch\u00fctzen, wenn Sie unsere Website besuchen oder mit unseren Dienstleistungen interagieren, in \u00dcbereinstimmung mit dem Schweizer Bundesgesetz \u00fcber den Datenschutz (DSG) und der EU-Datenschutz-Grundverordnung (DSGVO).<\/p>\n                    <p><strong>1. Verantwortlicher f\u00fcr die Datenverarbeitung<\/strong>\n                      <br> Eventco\u00ae \u00b7 Postfach 4 \u00b7 8910 Affoltern am Albis \u00b7 Schweiz\n                      <br>\n                      <a href=\"mailto:events@eventco.ch\">events@eventco.ch<\/a>\n                      <br>\n                      <a href=\"tel:+41792892222\">+41 79 289 22 22<\/a>\n                    <\/p>\n                    <p><strong>2. Personenbezogene Daten, die wir erheben<\/strong>\n                      <br> Die folgenden Arten personenbezogener Daten k\u00f6nnen von uns erhoben und verarbeitet werden:<\/p>\n                    <ul>\n                      <li>Name<\/li>\n                      <li>E-Mail Adresse<\/li>\n                      <li>Rufnummer<\/li>\n                      <li>Postanschrift<\/li>\n                      <li>Zahlungsinformationen<\/li>\n                      <li>Alle weiteren Daten, die Sie freiwillig angeben (z. B. \u00fcber Formulare, E-Mails oder den Kundenservice)<\/li>\n                    <\/ul>\n                    <p>Wir k\u00f6nnen auch nicht identifizierbare Daten erfassen, wie z. B. Ger\u00e4tetyp, Browser, IP-Adresse und Website-Nutzungsstatistiken, \u00fcber Cookies und Analysetools.<\/p>\n                    <p>Die Bereitstellung personenbezogener Daten ist in der Regel freiwillig. Bestimmte Informationen k\u00f6nnen jedoch erforderlich sein, um einen Vertrag mit Ihnen zu erf\u00fcllen oder bestimmte Dienstleistungen bereitzustellen. Wenn Sie diese Daten nicht angeben, k\u00f6nnen wir die entsprechenden Leistungen m\u00f6glicherweise nicht erbringen.<\/p>\n                    <p><strong>3. Zweck und Rechtsgrundlage der Verarbeitung<\/strong>\n                      <br> Ihre Daten werden zu folgenden Zwecken verarbeitet:<\/p>\n                    <ul>\n                      <li>Um Anfragen zu beantworten und unsere Dienstleistungen bereitzustellen (Art. 6 Abs. 1 lit. b DSGVO)<\/li>\n                      <li>Um Ihnen mit Ihrer Einwilligung Marketingmitteilungen zu senden (Art. 6 Abs. 1 lit. a DSGVO)<\/li>\n                      <li>Um gesetzlichen Verpflichtungen nachzukommen (Art. 6 Abs. 1 lit. c DSGVO)<\/li>\n                      <li>Um unsere berechtigten Interessen zu wahren, z. B. zur Verbesserung unserer Dienstleistungen (Art. 6 Abs. 1 lit. f DSGVO)<\/li>\n                      <li>Zur Analyse des Website-Traffics und der Nutzung durch Analyse-Cookies (Art. 6 Abs. 1 lit. a DSGVO)<\/li>\n                      <li>Zur Bereitstellung personalisierter Inhalte und Werbung durch Marketing-Cookies (Art. 6 Abs. 1 lit. a DSGVO)<\/li>\n                    <\/ul>\n                    <p><strong>4. Weitergabe von Daten<\/strong>\n                      <br> Wir verkaufen Ihre personenbezogenen Daten nicht. Wir k\u00f6nnen Ihre Daten weitergeben an:<\/p>\n                    <ul>\n                      <li>Dienstleister (z. B. Hosting, Zahlungsabwicklung)<\/li>\n                      <li>Beh\u00f6rden, wenn dies gesetzlich vorgeschrieben ist<\/li>\n                      <li>Rechtsnachfolger im Falle einer Unternehmens\u00fcbertragung<\/li>\n                    <\/ul>\n                    <p>Alle Dritten sind vertraglich verpflichtet, Ihre Daten nur gem\u00e4ss unseren Anweisungen zu verarbeiten und strikte Vertraulichkeit zu wahren.<\/p>\n                    <p><strong>5. Internationale Daten\u00fcbermittlungen<\/strong>\n                      <br> Wenn Daten ausserhalb der Schweiz oder der EU\/des EWR \u00fcbermittelt werden, stellen wir ein angemessenes Schutzniveau sicher, beispielsweise durch die Verwendung der von der Europ\u00e4ischen Kommission genehmigten Standardvertragsklauseln (SCCs), angepasst an das Schweizer Datenschutzrecht, oder durch Angemessenheitsbeschl\u00fcsse.<\/p>\n                    <p><strong>6. Aufbewahrung von Daten<\/strong>\n                      <br> Wir bewahren personenbezogene Daten nur so lange auf, wie es f\u00fcr die oben genannten Zwecke erforderlich ist oder um gesetzlichen Anforderungen nachzukommen.<\/p>\n                    <p><strong>7. Ihre Rechte<\/strong>\n                      <br> Sie haben das Recht auf:<\/p>\n                    <ul>\n                      <li>Auf Ihre personenbezogenen Daten zuzugreifen<\/li>\n                      <li>Unrichtige oder unvollst\u00e4ndige Daten berichtigen<\/li>\n                      <li>L\u00f6schung Ihrer Daten verlangen (\u201eRecht auf Vergessenwerden\u201c)<\/li>\n                      <li>Die Verarbeitung einzuschr\u00e4nken oder ihr zu widersprechen<\/li>\n                      <li>Ihre Einwilligung jederzeit widerrufen<\/li>\n                      <li>Daten\u00fcbertragbarkeit (falls zutreffend)<\/li>\n                      <li>Sie haben zudem das Recht, eine Beschwerde bei der zust\u00e4ndigen Aufsichtsbeh\u00f6rde einzureichen, insbesondere beim Eidgen\u00f6ssischen Datenschutz- und \u00d6ffentlichkeitsbeauftragten (ED\u00d6B) oder bei einer zust\u00e4ndigen Aufsichtsbeh\u00f6rde in der EU.<\/li>\n                    <\/ul>\n                    <p>Um Ihre Rechte auszu\u00fcben, kontaktieren Sie uns unter:\n                      <a href=\"mailto:events@eventco.ch\"><strong>events@eventco.ch<\/strong><\/a>\n                    <\/p>\n                    <p><strong>8. Datensicherheit<\/strong>\n                      <br> Wir setzen geeignete technische und organisatorische Massnahmen ein, um Ihre Daten zu sch\u00fctzen, einschliesslich verschl\u00fcsselter \u00dcbertragungen, sicherer Speicherung und Zugriffsbeschr\u00e4nkungen.<\/p>\n                    <p><strong>9. Cookies<\/strong>\n                      <br> Wir verwenden essenzielle, Analyse- und Marketing-Cookies. Essenzielle Cookies sind f\u00fcr den Betrieb unserer Website erforderlich und k\u00f6nnen nicht deaktiviert werden. Analyse- und Marketing-Cookies werden nur mit Ihrer Einwilligung verwendet, um die Nutzung zu verstehen und relevante Inhalte oder Werbung bereitzustellen. Sie k\u00f6nnen Ihre Pr\u00e4ferenzen \u00fcber unser Cookie-Banner oder durch Anpassen der Einstellungen in Ihrem Browser verwalten. Weitere Einzelheiten finden Sie in unserer\n                      <a href=\"https:\/\/eventco.ch\/de\/cookie-policy\"><strong>Cookie-Hinweisen<\/strong>.<\/a>\n                    <\/p>\n                    <p><strong>10. Links zu Drittanbietern<\/strong>\n                      <br> Unsere Website kann Links zu Websites Dritter enthalten. Wir sind nicht f\u00fcr deren Datenschutzpraktiken verantwortlich und empfehlen, deren Datenschutzerkl\u00e4rungen zu \u00fcberpr\u00fcfen.<\/p>\n                    <p><strong>11. \u00c4nderungen dieser Erkl\u00e4rung<\/strong>\n                      <br> Wir k\u00f6nnen diese Datenschutzerkl\u00e4rung von Zeit zu Zeit aktualisieren. Alle \u00c4nderungen werden auf dieser Seite mit einem aktualisierten Revisionsdatum ver\u00f6ffentlicht.<\/p>\n                    <p>Wenn Sie Fragen zu dieser Datenschutzerkl\u00e4rung haben oder Ihre Rechte aus\u00fcben m\u00f6chten, k\u00f6nnen Sie uns kontaktieren unter:&nbsp;\n                      <a href=\"mailto:events@eventco.ch\"><strong>events@eventco.ch<\/strong><\/a> oder\n                      <a href=\"tel: +41792892222\"> <strong>+41 79 289 22 22<\/strong><\/a>\n                    <\/p>\n                    <ul>\n                      <li><strong>Zuletzt aktualisiert:<\/strong> 28. Juli 2025<\/li>\n                    <\/ul>\n                    <p>\n                      <br>\n                    <\/p>\n                  <\/div>\n                <\/div>\n              <\/div>\n            <\/div>\n          <\/div>\n        <\/div>\n      <\/div>\n    <\/div>\n  <\/div>\n<\/div>","protected":false},"excerpt":{"rendered":"<p>Privacy Notice Eventco.\u00ae (\u201cwe,\u201d \u201cus,\u201d or \u201cour\u201d) respects your privacy and is committed to protecting your personal data. This Privacy Notice explains how we collect, use, disclose, and safeguard your information when you visit our website or interact with our services, in accordance with the Swiss Federal Act on Data Protection (FADP) and the EU [&hellip;]<\/p>\n","protected":false},"author":1,"featured_media":0,"parent":0,"menu_order":0,"comment_status":"closed","ping_status":"closed","template":"page-templates\/full-width-page.php","meta":{"footnotes":""},"class_list":["post-872","page","type-page","status-publish","hentry"],"yoast_head":"<!-- This site is optimized with the Yoast SEO plugin v27.6 - https:\/\/yoast.com\/product\/yoast-seo-wordpress\/ -->\n<title>Privacy notice - Eventco.<\/title>\n<meta name=\"robots\" content=\"index, follow, max-snippet:-1, max-image-preview:large, max-video-preview:-1\" \/>\n<link rel=\"canonical\" href=\"https:\/\/eventco.ch\/de\/privacy-notice\/\" \/>\n<meta property=\"og:locale\" content=\"de_DE\" \/>\n<meta property=\"og:type\" content=\"article\" \/>\n<meta property=\"og:title\" content=\"Privacy notice - Eventco.\" \/>\n<meta property=\"og:description\" content=\"Privacy Notice Eventco.\u00ae (\u201cwe,\u201d \u201cus,\u201d or \u201cour\u201d) respects your privacy and is committed to protecting your personal data. This Privacy Notice explains how we collect, use, disclose, and safeguard your information when you visit our website or interact with our services, in accordance with the Swiss Federal Act on Data Protection (FADP) and the EU [&hellip;]\" \/>\n<meta property=\"og:url\" content=\"https:\/\/eventco.ch\/de\/privacy-notice\/\" \/>\n<meta property=\"og:site_name\" content=\"Eventco.\" \/>\n<meta property=\"article:modified_time\" content=\"2025-09-13T20:30:23+00:00\" \/>\n<meta name=\"twitter:card\" content=\"summary_large_image\" \/>\n<meta name=\"twitter:label1\" content=\"Gesch\u00e4tzte Lesezeit\" \/>\n\t<meta name=\"twitter:data1\" content=\"3\u00a0Minuten\" \/>\n<script type=\"application\/ld+json\" class=\"yoast-schema-graph\">{\"@context\":\"https:\\\/\\\/schema.org\",\"@graph\":[{\"@type\":\"WebPage\",\"@id\":\"https:\\\/\\\/eventco.ch\\\/privacy-notice\\\/\",\"url\":\"https:\\\/\\\/eventco.ch\\\/privacy-notice\\\/\",\"name\":\"Privacy notice - Eventco.\",\"isPartOf\":{\"@id\":\"https:\\\/\\\/eventco.ch\\\/#website\"},\"datePublished\":\"2024-07-27T20:35:09+00:00\",\"dateModified\":\"2025-09-13T20:30:23+00:00\",\"breadcrumb\":{\"@id\":\"https:\\\/\\\/eventco.ch\\\/privacy-notice\\\/#breadcrumb\"},\"inLanguage\":\"de-CH\",\"potentialAction\":[{\"@type\":\"ReadAction\",\"target\":[\"https:\\\/\\\/eventco.ch\\\/privacy-notice\\\/\"]}]},{\"@type\":\"BreadcrumbList\",\"@id\":\"https:\\\/\\\/eventco.ch\\\/privacy-notice\\\/#breadcrumb\",\"itemListElement\":[{\"@type\":\"ListItem\",\"position\":1,\"name\":\"Home\",\"item\":\"https:\\\/\\\/eventco.ch\\\/\"},{\"@type\":\"ListItem\",\"position\":2,\"name\":\"Privacy notice\"}]},{\"@type\":\"WebSite\",\"@id\":\"https:\\\/\\\/eventco.ch\\\/#website\",\"url\":\"https:\\\/\\\/eventco.ch\\\/\",\"name\":\"Eventco.\",\"description\":\"Tailored Events\",\"publisher\":{\"@id\":\"https:\\\/\\\/eventco.ch\\\/#organization\"},\"potentialAction\":[{\"@type\":\"SearchAction\",\"target\":{\"@type\":\"EntryPoint\",\"urlTemplate\":\"https:\\\/\\\/eventco.ch\\\/?s={search_term_string}\"},\"query-input\":{\"@type\":\"PropertyValueSpecification\",\"valueRequired\":true,\"valueName\":\"search_term_string\"}}],\"inLanguage\":\"de-CH\"},{\"@type\":\"Organization\",\"@id\":\"https:\\\/\\\/eventco.ch\\\/#organization\",\"name\":\"Eventco.\",\"url\":\"https:\\\/\\\/eventco.ch\\\/\",\"logo\":{\"@type\":\"ImageObject\",\"inLanguage\":\"de-CH\",\"@id\":\"https:\\\/\\\/eventco.ch\\\/#\\\/schema\\\/logo\\\/image\\\/\",\"url\":\"https:\\\/\\\/eventco.ch\\\/wp-content\\\/uploads\\\/2024\\\/08\\\/cropped-cropped-cropped-Logo-Eventco-Negativo.png\",\"contentUrl\":\"https:\\\/\\\/eventco.ch\\\/wp-content\\\/uploads\\\/2024\\\/08\\\/cropped-cropped-cropped-Logo-Eventco-Negativo.png\",\"width\":542,\"height\":572,\"caption\":\"Eventco.\"},\"image\":{\"@id\":\"https:\\\/\\\/eventco.ch\\\/#\\\/schema\\\/logo\\\/image\\\/\"}}]}<\/script>\n<!-- \/ Yoast SEO plugin. -->","yoast_head_json":{"title":"Privacy notice - Eventco.","robots":{"index":"index","follow":"follow","max-snippet":"max-snippet:-1","max-image-preview":"max-image-preview:large","max-video-preview":"max-video-preview:-1"},"canonical":"https:\/\/eventco.ch\/de\/privacy-notice\/","og_locale":"de_DE","og_type":"article","og_title":"Privacy notice - Eventco.","og_description":"Privacy Notice Eventco.\u00ae (\u201cwe,\u201d \u201cus,\u201d or \u201cour\u201d) respects your privacy and is committed to protecting your personal data. This Privacy Notice explains how we collect, use, disclose, and safeguard your information when you visit our website or interact with our services, in accordance with the Swiss Federal Act on Data Protection (FADP) and the EU [&hellip;]","og_url":"https:\/\/eventco.ch\/de\/privacy-notice\/","og_site_name":"Eventco.","article_modified_time":"2025-09-13T20:30:23+00:00","twitter_card":"summary_large_image","twitter_misc":{"Gesch\u00e4tzte Lesezeit":"3\u00a0Minuten"},"schema":{"@context":"https:\/\/schema.org","@graph":[{"@type":"WebPage","@id":"https:\/\/eventco.ch\/privacy-notice\/","url":"https:\/\/eventco.ch\/privacy-notice\/","name":"Privacy notice - Eventco.","isPartOf":{"@id":"https:\/\/eventco.ch\/#website"},"datePublished":"2024-07-27T20:35:09+00:00","dateModified":"2025-09-13T20:30:23+00:00","breadcrumb":{"@id":"https:\/\/eventco.ch\/privacy-notice\/#breadcrumb"},"inLanguage":"de-CH","potentialAction":[{"@type":"ReadAction","target":["https:\/\/eventco.ch\/privacy-notice\/"]}]},{"@type":"BreadcrumbList","@id":"https:\/\/eventco.ch\/privacy-notice\/#breadcrumb","itemListElement":[{"@type":"ListItem","position":1,"name":"Home","item":"https:\/\/eventco.ch\/"},{"@type":"ListItem","position":2,"name":"Privacy notice"}]},{"@type":"WebSite","@id":"https:\/\/eventco.ch\/#website","url":"https:\/\/eventco.ch\/","name":"Eventco.","description":"Tailored Events","publisher":{"@id":"https:\/\/eventco.ch\/#organization"},"potentialAction":[{"@type":"SearchAction","target":{"@type":"EntryPoint","urlTemplate":"https:\/\/eventco.ch\/?s={search_term_string}"},"query-input":{"@type":"PropertyValueSpecification","valueRequired":true,"valueName":"search_term_string"}}],"inLanguage":"de-CH"},{"@type":"Organization","@id":"https:\/\/eventco.ch\/#organization","name":"Eventco.","url":"https:\/\/eventco.ch\/","logo":{"@type":"ImageObject","inLanguage":"de-CH","@id":"https:\/\/eventco.ch\/#\/schema\/logo\/image\/","url":"https:\/\/eventco.ch\/wp-content\/uploads\/2024\/08\/cropped-cropped-cropped-Logo-Eventco-Negativo.png","contentUrl":"https:\/\/eventco.ch\/wp-content\/uploads\/2024\/08\/cropped-cropped-cropped-Logo-Eventco-Negativo.png","width":542,"height":572,"caption":"Eventco."},"image":{"@id":"https:\/\/eventco.ch\/#\/schema\/logo\/image\/"}}]}},"_links":{"self":[{"href":"https:\/\/eventco.ch\/de\/wp-json\/wp\/v2\/pages\/872","targetHints":{"allow":["GET"]}}],"collection":[{"href":"https:\/\/eventco.ch\/de\/wp-json\/wp\/v2\/pages"}],"about":[{"href":"https:\/\/eventco.ch\/de\/wp-json\/wp\/v2\/types\/page"}],"author":[{"embeddable":true,"href":"https:\/\/eventco.ch\/de\/wp-json\/wp\/v2\/users\/1"}],"replies":[{"embeddable":true,"href":"https:\/\/eventco.ch\/de\/wp-json\/wp\/v2\/comments?post=872"}],"version-history":[{"count":20,"href":"https:\/\/eventco.ch\/de\/wp-json\/wp\/v2\/pages\/872\/revisions"}],"predecessor-version":[{"id":6921,"href":"https:\/\/eventco.ch\/de\/wp-json\/wp\/v2\/pages\/872\/revisions\/6921"}],"wp:attachment":[{"href":"https:\/\/eventco.ch\/de\/wp-json\/wp\/v2\/media?parent=872"}],"curies":[{"name":"wp","href":"https:\/\/api.w.org\/{rel}","templated":true}]}}