{"id":874,"date":"2024-07-27T20:35:09","date_gmt":"2024-07-27T20:35:09","guid":{"rendered":"https:\/\/eventco.ch\/?page_id=874"},"modified":"2026-02-28T22:35:32","modified_gmt":"2026-02-28T22:35:32","slug":"cookie-policy","status":"publish","type":"page","link":"https:\/\/eventco.ch\/de\/cookie-policy\/","title":{"rendered":"Cookie-Hinweise"},"content":{"rendered":"<div data-colibri-id=\"874-c1\" class=\"style-1346 style-local-874-c1 position-relative\">\n  <!---->\n  <div data-colibri-component=\"section\" data-colibri-id=\"874-c2\" id=\"custom\" class=\"h-section h-section-global-spacing d-flex align-items-lg-center align-items-md-center align-items-center style-1347 style-local-874-c2 position-relative\">\n    <!---->\n    <!---->\n    <div class=\"h-section-grid-container h-section-boxed-container\">\n      <!---->\n      <div data-colibri-id=\"874-c3\" class=\"h-row-container gutters-row-lg-2 gutters-row-md-2 gutters-row-0 gutters-row-v-lg-2 gutters-row-v-md-2 gutters-row-v-2 style-1348 style-local-874-c3 position-relative\">\n        <!---->\n        <div class=\"h-row justify-content-lg-center justify-content-md-center justify-content-center align-items-lg-stretch align-items-md-stretch align-items-stretch gutters-col-lg-2 gutters-col-md-2 gutters-col-0 gutters-col-v-lg-2 gutters-col-v-md-2 gutters-col-v-2\">\n          <!---->\n          <div class=\"h-column h-column-container d-flex h-col-lg-auto h-col-md-auto h-col-auto style-1349-outer style-local-874-c4-outer\">\n            <div data-colibri-id=\"874-c4\" class=\"d-flex h-flex-basis h-column__inner h-px-lg-2 h-px-md-2 h-px-2 v-inner-lg-2 v-inner-md-2 v-inner-2 style-1349 style-local-874-c4 position-relative\">\n              <!---->\n              <!---->\n              <div class=\"w-100 h-y-container h-column__content h-column__v-align flex-basis-100 align-self-lg-start align-self-md-start align-self-start\">\n                <!---->\n                <div data-colibri-id=\"874-c5\" class=\"style-1351 style-local-874-c5 position-relative h-element\">\n                  <!---->\n                <\/div>\n                <div data-colibri-id=\"874-c6\" class=\"h-text h-text-component style-1350 style-local-874-c6 position-relative h-element\">\n                  <!---->\n                  <!---->\n                  <div class=\"\">\n                    <h3>Cookie-Hinweisen<\/h3>\n                    <p><strong>Eventco.\u00ae<\/strong> (\u201ewir\u201c, \u201euns\u201c oder \u201eunser\u201c) verwendet Cookies und \u00e4hnliche Technologien auf unserer Website (\u201eWebsite\u201c), um sicherzustellen, dass die Website ordnungsgem\u00e4ss funktioniert und ein sicheres, benutzerfreundliches Erlebnis bietet. Diese Cookie-Richtlinie erkl\u00e4rt, was Cookies sind, welche Arten wir verwenden und welche M\u00f6glichkeiten Sie in Bezug auf ihre Nutzung haben.<\/p>\n                    <h4>1. Was sind Cookies?<\/h4>\n                    <p>Cookies sind kleine Textdateien, die auf Ihrem Ger\u00e4t gespeichert werden, wenn Sie eine Website besuchen. Sie werden h\u00e4ufig verwendet, um Websites effizient funktionieren zu lassen, Ihr Surferlebnis zu verbessern und Informationen dar\u00fcber zu sammeln, wie Nutzer mit der Website interagieren.<\/p>\n                    <h4>2. Arten von Cookies, die wir verwenden<\/h4>\n                    <p>Wir verwenden auf unserer Website die folgenden Kategorien von Cookies:<\/p>\n                    <ul>\n                      <li><strong>Essenzielle (unbedingt erforderliche) Cookies<\/strong> \u2013 Diese sind erforderlich, damit die Website ordnungsgem\u00e4ss funktioniert, und k\u00f6nnen nicht deaktiviert werden. Sie werden in der Regel als Reaktion auf von Ihnen vorgenommene Aktionen gesetzt, wie zum Beispiel das Festlegen Ihrer Cookie-Einstellungen, die Anmeldung in gesch\u00fctzten Bereichen der Website oder das Absenden von Formularen.<\/li>\n                      <li><strong>Leistungs- \/ Analyse-Cookies<\/strong> \u2013 Diese Cookies helfen uns zu verstehen, wie Besucher mit unserer Website interagieren, indem sie Informationen wie besuchte Seiten, Verweildauer und Traffic-Quellen sammeln. Diese Daten werden genutzt, um die Funktionalit\u00e4t und das Nutzererlebnis unserer Website zu verbessern. Analyse-Cookies werden nur gesetzt, nachdem Sie Ihre ausdr\u00fcckliche Einwilligung erteilt haben. Ohne Ihre Einwilligung werden diese Cookies nicht aktiviert.<\/li>\n                      <li><strong>Marketing- \/ Werbe-Cookies<\/strong> \u2013 Diese Cookies werden verwendet, um relevante Werbeanzeigen bereitzustellen, die Wirksamkeit von Kampagnen zu messen und Besucher \u00fcber verschiedene Websites hinweg zu verfolgen. Sie helfen uns, Inhalte und Angebote zu pr\u00e4sentieren, die f\u00fcr Sie von Interesse sein k\u00f6nnen. Marketing-Cookies werden nur gesetzt, nachdem Sie Ihre ausdr\u00fcckliche Einwilligung erteilt haben. Ohne Ihre Einwilligung werden diese Cookies nicht aktiviert.<\/li>\n                    <\/ul>\n                    <h4>3. Rechtsgrundlage f\u00fcr die Verwendung von Cookies<\/h4>\n                    <p>Nach dem Schweizer Bundesgesetz \u00fcber den Datenschutz (revDSG) und der EU-Datenschutz-Grundverordnung (DSGVO):<\/p>\n                    <ul>\n                      <li><strong>Essenzielle Cookies<\/strong> sind f\u00fcr den Betrieb unserer Website erforderlich und werden ohne Einwilligung verwendet (Art. 6 Abs. 1 lit. f DSGVO \/ berechtigte Interessen). Sie k\u00f6nnen in unseren Systemen nicht deaktiviert werden.<\/li>\n                      <li><strong>Analyse- und Marketing-Cookies<\/strong> werden nur mit Ihrer ausdr\u00fccklichen Einwilligung verwendet (Art. 6 Abs. 1 lit. a DSGVO). Sie k\u00f6nnen Ihre Einwilligung jederzeit \u00fcber unser Cookie-Banner oder in den Einstellungen Ihres Browsers widerrufen.<\/li>\n                    <\/ul>\n                    <h4>4. Wie Sie Cookies verwalten oder deaktivieren k\u00f6nnen<\/h4>\n                    <p>Sie k\u00f6nnen Ihre Cookie-Einstellungen \u00fcber unser Cookie-Banner verwalten, wo Sie alle akzeptieren, alle ablehnen oder Ihre Auswahl nach Kategorien anpassen k\u00f6nnen. Ausserdem k\u00f6nnen Sie Cookies \u00fcber die Einstellungen Ihres Browsers verwalten oder blockieren.<\/p>\n                    <p>Bitte beachten Sie, dass das Deaktivieren essenzieller Cookies die Funktionalit\u00e4t der Website beeintr\u00e4chtigen kann.<\/p>\n                    <p>Wenn Sie Ihre Cookies l\u00f6schen oder einen anderen Browser oder ein anderes Ger\u00e4t verwenden, m\u00fcssen Sie Ihre Pr\u00e4ferenzen m\u00f6glicherweise erneut festlegen.<\/p>\n                    <p>F\u00fcr weitere Informationen dar\u00fcber, wie Sie Cookies in Ihrem Browser verwalten k\u00f6nnen, besuchen Sie:&nbsp;\n                      <a href=\"https:\/\/www.aboutcookies.org\" target=\"_new\" rel=\"noopener\" class=\"customize-unpreviewable\">www.aboutcookies.org<\/a> oder\n                      <a href=\"https:\/\/www.allaboutcookies.org\" target=\"_new\" rel=\"noopener\" class=\"customize-unpreviewable\">www.allaboutcookies.org<\/a>\n                    <\/p>\n                    <h4>5. Aktualisierungen dieser Cookie-Richtlinie<\/h4>\n                    <p>Wir k\u00f6nnen diese Cookie-Richtlinie aktualisieren, um \u00c4nderungen in der Technologie, den gesetzlichen Anforderungen oder unseren Praktiken zu ber\u00fccksichtigen. Aktualisierungen werden auf dieser Seite mit einem \u00fcberarbeiteten \u201eZuletzt aktualisiert\u201c-Datum ver\u00f6ffentlicht.<\/p>\n                    <h4>6. Kontakt und weitere Informationen<\/h4>\n                    <p>F\u00fcr weitere Informationen dar\u00fcber, wie Eventco\u00ae Ihre personenbezogenen Daten verarbeitet, welche Rechte Sie nach dem Datenschutzrecht haben und wie Sie uns kontaktieren k\u00f6nnen, siehe bitte unsere\n                      <a href=\"https:\/\/eventco.ch\/de\/privacy-notice\">Datenschutzerkl\u00e4rung.<\/a>\n                    <\/p>\n                    <ul>\n                      <li><em>Zuletzt aktualisiert: 28. Juli 2025<\/em><\/li>\n                    <\/ul>\n                    <p>\n                      <br>\n                    <\/p>\n                  <\/div>\n                <\/div>\n              <\/div>\n            <\/div>\n          <\/div>\n        <\/div>\n      <\/div>\n    <\/div>\n  <\/div>\n<\/div>","protected":false},"excerpt":{"rendered":"<p>Cookie Policy Eventco.\u00ae (\u201cwe,\u201d \u201cus,\u201d or \u201cour\u201d) uses cookies and similar technologies on our website (\u201cSite\u201d) to ensure the site functions properly and delivers a secure, user-friendly experience. This Cookie Policy explains what cookies are, which types we use, and your options regarding their use. 1. What Are Cookies? Cookies are small text files stored [&hellip;]<\/p>\n","protected":false},"author":1,"featured_media":0,"parent":0,"menu_order":0,"comment_status":"closed","ping_status":"closed","template":"page-templates\/full-width-page.php","meta":{"footnotes":""},"class_list":["post-874","page","type-page","status-publish","hentry"],"yoast_head":"<!-- This site is optimized with the Yoast SEO plugin v27.6 - https:\/\/yoast.com\/product\/yoast-seo-wordpress\/ -->\n<title>Cookie policy - Eventco.<\/title>\n<meta name=\"robots\" content=\"index, follow, max-snippet:-1, max-image-preview:large, max-video-preview:-1\" \/>\n<link rel=\"canonical\" href=\"https:\/\/eventco.ch\/de\/cookie-policy\/\" \/>\n<meta property=\"og:locale\" content=\"de_DE\" \/>\n<meta property=\"og:type\" content=\"article\" \/>\n<meta property=\"og:title\" content=\"Cookie policy - Eventco.\" \/>\n<meta property=\"og:description\" content=\"Cookie Policy Eventco.\u00ae (\u201cwe,\u201d \u201cus,\u201d or \u201cour\u201d) uses cookies and similar technologies on our website (\u201cSite\u201d) to ensure the site functions properly and delivers a secure, user-friendly experience. This Cookie Policy explains what cookies are, which types we use, and your options regarding their use. 1. What Are Cookies? Cookies are small text files stored [&hellip;]\" \/>\n<meta property=\"og:url\" content=\"https:\/\/eventco.ch\/de\/cookie-policy\/\" \/>\n<meta property=\"og:site_name\" content=\"Eventco.\" \/>\n<meta property=\"article:modified_time\" content=\"2026-02-28T22:35:32+00:00\" \/>\n<meta name=\"twitter:card\" content=\"summary_large_image\" \/>\n<meta name=\"twitter:label1\" content=\"Gesch\u00e4tzte Lesezeit\" \/>\n\t<meta name=\"twitter:data1\" content=\"3\u00a0Minuten\" \/>\n<script type=\"application\/ld+json\" class=\"yoast-schema-graph\">{\"@context\":\"https:\\\/\\\/schema.org\",\"@graph\":[{\"@type\":\"WebPage\",\"@id\":\"https:\\\/\\\/eventco.ch\\\/cookie-policy\\\/\",\"url\":\"https:\\\/\\\/eventco.ch\\\/cookie-policy\\\/\",\"name\":\"Cookie policy - Eventco.\",\"isPartOf\":{\"@id\":\"https:\\\/\\\/eventco.ch\\\/#website\"},\"datePublished\":\"2024-07-27T20:35:09+00:00\",\"dateModified\":\"2026-02-28T22:35:32+00:00\",\"breadcrumb\":{\"@id\":\"https:\\\/\\\/eventco.ch\\\/cookie-policy\\\/#breadcrumb\"},\"inLanguage\":\"de-CH\",\"potentialAction\":[{\"@type\":\"ReadAction\",\"target\":[\"https:\\\/\\\/eventco.ch\\\/cookie-policy\\\/\"]}]},{\"@type\":\"BreadcrumbList\",\"@id\":\"https:\\\/\\\/eventco.ch\\\/cookie-policy\\\/#breadcrumb\",\"itemListElement\":[{\"@type\":\"ListItem\",\"position\":1,\"name\":\"Home\",\"item\":\"https:\\\/\\\/eventco.ch\\\/\"},{\"@type\":\"ListItem\",\"position\":2,\"name\":\"Cookie policy\"}]},{\"@type\":\"WebSite\",\"@id\":\"https:\\\/\\\/eventco.ch\\\/#website\",\"url\":\"https:\\\/\\\/eventco.ch\\\/\",\"name\":\"Eventco.\",\"description\":\"Tailored Events\",\"publisher\":{\"@id\":\"https:\\\/\\\/eventco.ch\\\/#organization\"},\"potentialAction\":[{\"@type\":\"SearchAction\",\"target\":{\"@type\":\"EntryPoint\",\"urlTemplate\":\"https:\\\/\\\/eventco.ch\\\/?s={search_term_string}\"},\"query-input\":{\"@type\":\"PropertyValueSpecification\",\"valueRequired\":true,\"valueName\":\"search_term_string\"}}],\"inLanguage\":\"de-CH\"},{\"@type\":\"Organization\",\"@id\":\"https:\\\/\\\/eventco.ch\\\/#organization\",\"name\":\"Eventco.\",\"url\":\"https:\\\/\\\/eventco.ch\\\/\",\"logo\":{\"@type\":\"ImageObject\",\"inLanguage\":\"de-CH\",\"@id\":\"https:\\\/\\\/eventco.ch\\\/#\\\/schema\\\/logo\\\/image\\\/\",\"url\":\"https:\\\/\\\/eventco.ch\\\/wp-content\\\/uploads\\\/2024\\\/08\\\/cropped-cropped-cropped-Logo-Eventco-Negativo.png\",\"contentUrl\":\"https:\\\/\\\/eventco.ch\\\/wp-content\\\/uploads\\\/2024\\\/08\\\/cropped-cropped-cropped-Logo-Eventco-Negativo.png\",\"width\":542,\"height\":572,\"caption\":\"Eventco.\"},\"image\":{\"@id\":\"https:\\\/\\\/eventco.ch\\\/#\\\/schema\\\/logo\\\/image\\\/\"}}]}<\/script>\n<!-- \/ Yoast SEO plugin. -->","yoast_head_json":{"title":"Cookie policy - Eventco.","robots":{"index":"index","follow":"follow","max-snippet":"max-snippet:-1","max-image-preview":"max-image-preview:large","max-video-preview":"max-video-preview:-1"},"canonical":"https:\/\/eventco.ch\/de\/cookie-policy\/","og_locale":"de_DE","og_type":"article","og_title":"Cookie policy - Eventco.","og_description":"Cookie Policy Eventco.\u00ae (\u201cwe,\u201d \u201cus,\u201d or \u201cour\u201d) uses cookies and similar technologies on our website (\u201cSite\u201d) to ensure the site functions properly and delivers a secure, user-friendly experience. This Cookie Policy explains what cookies are, which types we use, and your options regarding their use. 1. What Are Cookies? Cookies are small text files stored [&hellip;]","og_url":"https:\/\/eventco.ch\/de\/cookie-policy\/","og_site_name":"Eventco.","article_modified_time":"2026-02-28T22:35:32+00:00","twitter_card":"summary_large_image","twitter_misc":{"Gesch\u00e4tzte Lesezeit":"3\u00a0Minuten"},"schema":{"@context":"https:\/\/schema.org","@graph":[{"@type":"WebPage","@id":"https:\/\/eventco.ch\/cookie-policy\/","url":"https:\/\/eventco.ch\/cookie-policy\/","name":"Cookie policy - Eventco.","isPartOf":{"@id":"https:\/\/eventco.ch\/#website"},"datePublished":"2024-07-27T20:35:09+00:00","dateModified":"2026-02-28T22:35:32+00:00","breadcrumb":{"@id":"https:\/\/eventco.ch\/cookie-policy\/#breadcrumb"},"inLanguage":"de-CH","potentialAction":[{"@type":"ReadAction","target":["https:\/\/eventco.ch\/cookie-policy\/"]}]},{"@type":"BreadcrumbList","@id":"https:\/\/eventco.ch\/cookie-policy\/#breadcrumb","itemListElement":[{"@type":"ListItem","position":1,"name":"Home","item":"https:\/\/eventco.ch\/"},{"@type":"ListItem","position":2,"name":"Cookie policy"}]},{"@type":"WebSite","@id":"https:\/\/eventco.ch\/#website","url":"https:\/\/eventco.ch\/","name":"Eventco.","description":"Tailored Events","publisher":{"@id":"https:\/\/eventco.ch\/#organization"},"potentialAction":[{"@type":"SearchAction","target":{"@type":"EntryPoint","urlTemplate":"https:\/\/eventco.ch\/?s={search_term_string}"},"query-input":{"@type":"PropertyValueSpecification","valueRequired":true,"valueName":"search_term_string"}}],"inLanguage":"de-CH"},{"@type":"Organization","@id":"https:\/\/eventco.ch\/#organization","name":"Eventco.","url":"https:\/\/eventco.ch\/","logo":{"@type":"ImageObject","inLanguage":"de-CH","@id":"https:\/\/eventco.ch\/#\/schema\/logo\/image\/","url":"https:\/\/eventco.ch\/wp-content\/uploads\/2024\/08\/cropped-cropped-cropped-Logo-Eventco-Negativo.png","contentUrl":"https:\/\/eventco.ch\/wp-content\/uploads\/2024\/08\/cropped-cropped-cropped-Logo-Eventco-Negativo.png","width":542,"height":572,"caption":"Eventco."},"image":{"@id":"https:\/\/eventco.ch\/#\/schema\/logo\/image\/"}}]}},"_links":{"self":[{"href":"https:\/\/eventco.ch\/de\/wp-json\/wp\/v2\/pages\/874","targetHints":{"allow":["GET"]}}],"collection":[{"href":"https:\/\/eventco.ch\/de\/wp-json\/wp\/v2\/pages"}],"about":[{"href":"https:\/\/eventco.ch\/de\/wp-json\/wp\/v2\/types\/page"}],"author":[{"embeddable":true,"href":"https:\/\/eventco.ch\/de\/wp-json\/wp\/v2\/users\/1"}],"replies":[{"embeddable":true,"href":"https:\/\/eventco.ch\/de\/wp-json\/wp\/v2\/comments?post=874"}],"version-history":[{"count":17,"href":"https:\/\/eventco.ch\/de\/wp-json\/wp\/v2\/pages\/874\/revisions"}],"predecessor-version":[{"id":12693,"href":"https:\/\/eventco.ch\/de\/wp-json\/wp\/v2\/pages\/874\/revisions\/12693"}],"wp:attachment":[{"href":"https:\/\/eventco.ch\/de\/wp-json\/wp\/v2\/media?parent=874"}],"curies":[{"name":"wp","href":"https:\/\/api.w.org\/{rel}","templated":true}]}}