{"id":873,"date":"2024-07-27T20:35:09","date_gmt":"2024-07-27T20:35:09","guid":{"rendered":"https:\/\/eventco.ch\/?page_id=873"},"modified":"2025-09-13T20:40:08","modified_gmt":"2025-09-13T20:40:08","slug":"terms-of-service","status":"publish","type":"page","link":"https:\/\/eventco.ch\/es\/terms-of-service\/","title":{"rendered":"Condiciones de servicio"},"content":{"rendered":"<div data-colibri-id=\"873-c1\" class=\"style-1306 style-local-873-c1 position-relative\">\n  <!---->\n  <div data-colibri-component=\"section\" data-colibri-id=\"873-c2\" id=\"custom\" class=\"h-section h-section-global-spacing d-flex align-items-lg-center align-items-md-center align-items-center style-1307 style-local-873-c2 position-relative\">\n    <!---->\n    <!---->\n    <div class=\"h-section-grid-container h-section-boxed-container\">\n      <!---->\n      <div data-colibri-id=\"873-c3\" class=\"h-row-container gutters-row-lg-2 gutters-row-md-2 gutters-row-0 gutters-row-v-lg-2 gutters-row-v-md-2 gutters-row-v-2 style-1308 style-local-873-c3 position-relative\">\n        <!---->\n        <div class=\"h-row justify-content-lg-center justify-content-md-center justify-content-center align-items-lg-stretch align-items-md-stretch align-items-stretch gutters-col-lg-2 gutters-col-md-2 gutters-col-0 gutters-col-v-lg-2 gutters-col-v-md-2 gutters-col-v-2\">\n          <!---->\n          <div class=\"h-column h-column-container d-flex h-col-lg-auto h-col-md-auto h-col-auto style-1309-outer style-local-873-c4-outer\">\n            <div data-colibri-id=\"873-c4\" class=\"d-flex h-flex-basis h-column__inner h-px-lg-2 h-px-md-2 h-px-2 v-inner-lg-2 v-inner-md-2 v-inner-2 style-1309 style-local-873-c4 position-relative\">\n              <!---->\n              <!---->\n              <div class=\"w-100 h-y-container h-column__content h-column__v-align flex-basis-100 align-self-lg-start align-self-md-start align-self-start\">\n                <!---->\n                <div data-colibri-id=\"873-c5\" class=\"style-1311 style-local-873-c5 position-relative h-element\">\n                  <!---->\n                <\/div>\n                <div data-colibri-id=\"873-c6\" class=\"h-text h-text-component style-1310 style-local-873-c6 position-relative h-element\">\n                  <!---->\n                  <!---->\n                  <div class=\"\">\n                    <h3>Condiciones de servicio<\/h3>\n                    <p>Estos T\u00e9rminos de servicio (\u00ab T\u00e9rminos\u00bb) regulan tu uso del sitio web de Eventco\u00ae (\u00abSitio\u00bb) y de los servicios que proporcionamos (\u00abServicios\u00bb). Al acceder al Sitio y utilizar los Servicios, aceptas quedar vinculado por estos T\u00e9rminos. Si no est\u00e1s de acuerdo con estos T\u00e9rminos, por favor no utilices el Sitio ni los Servicios.<\/p>\n                    <p><strong>1. Uso del sitio web<\/strong><\/p>\n                    <p><strong>1.1 Requisitos<\/strong>\n                      <br>Debe tener al menos 18 a\u00f1os para utilizar nuestro Sitio y nuestros Servicios. Al hacerlo, declara y garantiza que cumple con este requisito.<\/p>\n                    <p><strong>1.2 Cuenta de usuario<\/strong>\n                      <br>Para acceder a ciertas funciones de nuestro Sitio, es posible que debas crear una cuenta. Eres responsable de mantener la confidencialidad de la informaci\u00f3n de tu cuenta y de todas las actividades que ocurran bajo tu cuenta. Aceptas notificarnos de inmediato cualquier uso no autorizado de tu cuenta o cualquier otra violaci\u00f3n de seguridad. No somos responsables de ninguna p\u00e9rdida o da\u00f1o que surja de tu incumplimiento en la protecci\u00f3n de la informaci\u00f3n de tu cuenta.<\/p>\n                    <p><strong>1.3 Actividades prohibidas<\/strong>\n                      <br>Te comprometes a no:<\/p>\n                    <ul>\n                      <li>Usar el Sitio o los Servicios para cualquier prop\u00f3sito ilegal<\/li>\n                      <li>Hacerse pasar por cualquier persona o entidad<\/li>\n                      <li>Interferir o interrumpir el Sitio o los Servicios<\/li>\n                      <li>Usar medios automatizados (p. ej., robots o scrapers) para acceder al Sitio<\/li>\n                      <li>Intentar acceder sin autorizaci\u00f3n a cualquier parte del Sitio<\/li>\n                      <li>Realizar cualquier actividad que pueda da\u00f1ar o deteriorar el Sitio o los Servicios<\/li>\n                    <\/ul>\n                    <p><strong>2. Propiedad intelectual<\/strong><\/p>\n                    <p><strong>2.1 Propiedad<\/strong>\n                      <br><span style=\"font-weight: 400; font-size: 16px; font-family: &quot;Open Sans&quot;; color: rgb(60, 65, 84);\">Todo el contenido, las funcionalidades, las marcas, los logotipos y otros derechos de propiedad intelectual mostrados en el Sitio son propiedad exclusiva de Eventco\u00ae o de sus licenciantes y est\u00e1n protegidos por las leyes aplicables de propiedad intelectual.<\/span><\/p>\n                    <p><strong>2.2 Licencia<\/strong>\n                      <br>Te otorgamos una licencia limitada, no exclusiva, no transferible y revocable para usar el Sitio y los Servicios con fines personales y no comerciales.<\/p>\n                    <p><strong>3. Pagos y reembolsos<\/strong><\/p>\n                    <p><strong>3.1 Condiciones de pago<\/strong>\n                      <br>Cuando corresponda, todos los pagos deber\u00e1n realizarse de acuerdo con los t\u00e9rminos proporcionados en el momento de la cotizaci\u00f3n o de la confirmaci\u00f3n del pedido. Te comprometes a proporcionar informaci\u00f3n de pago actualizada y precisa para todas las transacciones.<\/p>\n                    <p><strong>3.2 Pol\u00edtica de reembolso<\/strong>\n                      <br>Nuestra pol\u00edtica de reembolsos, si corresponde, se comunicar\u00e1 caso por caso y se incluir\u00e1 en acuerdos o facturas individuales. Eventco\u00ae se reserva el derecho de otorgar o denegar reembolsos de acuerdo con dichos acuerdos.<\/p>\n                    <p>Los derechos legales de reembolso o desistimiento permanecen inalterados, cuando sean aplicables.<\/p>\n                    <p><strong>4. Limitaci\u00f3n de responsabilidad<\/strong><\/p>\n                    <p><strong>4.1 Exclusi\u00f3n de garant\u00edas<\/strong>\n                      <br>El Sitio y los Servicios se proporcionan \u201ctal cual\u201d sin garant\u00edas de ning\u00fan tipo. No garantizamos un funcionamiento ininterrumpido o sin errores, ni que nuestro Sitio o Servicios est\u00e9n libres de virus o componentes da\u00f1inos.<\/p>\n                    <p><strong>4.2 Limitaci\u00f3n de responsabilidad<\/strong>\n                      <br>En la m\u00e1xima medida permitida por la ley, Eventco\u00ae, sus afiliadas y sus empleados no ser\u00e1n responsables de da\u00f1os indirectos o consecuenciales, incluidos, entre otros, la p\u00e9rdida de datos, de beneficios o de clientela.&nbsp;<\/p>\n                    <p>Nada en estos T\u00e9rminos excluye o limita la responsabilidad por dolo o negligencia grave, ni por cualquier otra responsabilidad que no pueda excluirse conforme al derecho suizo.<\/p>\n                    <p><strong>5. Indemnizaci\u00f3n<\/strong><\/p>\n                    <p>Aceptas indemnizar y eximir de responsabilidad a Eventco\u00ae y a sus afiliadas frente a cualquier reclamaci\u00f3n o responsabilidad derivada de tu incumplimiento de estos T\u00e9rminos o del uso indebido del Sitio o de los Servicios.<\/p>\n                    <p><strong>6. Terminaci\u00f3n<\/strong><\/p>\n                    <p>Podemos suspender o terminar tu acceso al Sitio o a los Servicios en cualquier momento, sin previo aviso, si consideramos que tu conducta infringe estos T\u00e9rminos. Las disposiciones que, por su naturaleza, sobrevivan a la terminaci\u00f3n permanecer\u00e1n en vigor.<\/p>\n                    <p><strong>7. Derecho aplicable<\/strong><\/p>\n                    <p>Estos T\u00e9rminos se rigen por las leyes de Suiza. Cualquier disputa estar\u00e1 sujeta a la jurisdicci\u00f3n exclusiva de los tribunales del Cant\u00f3n de Z\u00farich, Suiza.<\/p>\n                    <p><strong>8. Modificaciones de las presentes condiciones<\/strong><\/p>\n                    <p>Podemos actualizar estos T\u00e9rminos en cualquier momento. Publicaremos las actualizaciones en esta p\u00e1gina y, cuando corresponda, las comunicaremos a los usuarios. El uso continuado del Sitio tras las actualizaciones constituye la aceptaci\u00f3n de los T\u00e9rminos revisados.<\/p>\n                    <p><strong>9. Contacto<\/strong><\/p>\n                    <p>Si tienes preguntas o inquietudes sobre estos T\u00e9rminos:<\/p>\n                    <ul>\n                      <li>Env\u00edanos un correo electr\u00f3nico a:\n                        <a href=\"mailto:events@eventco.ch\">events@eventco.ch<\/a>\n                      <\/li>\n                      <li>Visita nuestro sitio web:\n                        <a href=\"https:\/\/eventco.ch\/es\/\" class=\"customize-unpreviewable\">(www.eventco.ch)<\/a>\n                      <\/li>\n                      <li>Tel\u00e9fono:\n                        <a href=\"tel:+41792892222\">+41 79 289 22 22<\/a>\n                      <\/li>\n                      <li>Eventco\u00ae \u2013 Marca registrada en Suiza<\/li>\n                    <\/ul>\n                    <p>\n                      <br>\n                    <\/p>\n                  <\/div>\n                <\/div>\n              <\/div>\n            <\/div>\n          <\/div>\n        <\/div>\n      <\/div>\n    <\/div>\n  <\/div>\n<\/div>","protected":false},"excerpt":{"rendered":"<p>Terms of Service These Terms of Service (&#8220;Terms&#8221;) govern your use of the Eventco\u00ae website (&#8220;Site&#8221;) and the services we provide (&#8220;Services&#8221;). By accessing or using the Site and Services, you agree to be bound by these Terms. If you do not agree to these Terms, please do not use the Site or Services. 1. [&hellip;]<\/p>\n","protected":false},"author":1,"featured_media":0,"parent":0,"menu_order":0,"comment_status":"closed","ping_status":"closed","template":"page-templates\/full-width-page.php","meta":{"footnotes":""},"class_list":["post-873","page","type-page","status-publish","hentry"],"yoast_head":"<!-- This site is optimized with the Yoast SEO plugin v27.6 - https:\/\/yoast.com\/product\/yoast-seo-wordpress\/ -->\n<title>Terms of service - Eventco.<\/title>\n<meta name=\"robots\" content=\"index, follow, max-snippet:-1, max-image-preview:large, max-video-preview:-1\" \/>\n<link rel=\"canonical\" href=\"https:\/\/eventco.ch\/es\/terms-of-service\/\" \/>\n<meta property=\"og:locale\" content=\"es_ES\" \/>\n<meta property=\"og:type\" content=\"article\" \/>\n<meta property=\"og:title\" content=\"Terms of service - Eventco.\" \/>\n<meta property=\"og:description\" content=\"Terms of Service These Terms of Service (&#8220;Terms&#8221;) govern your use of the Eventco\u00ae website (&#8220;Site&#8221;) and the services we provide (&#8220;Services&#8221;). By accessing or using the Site and Services, you agree to be bound by these Terms. If you do not agree to these Terms, please do not use the Site or Services. 1. [&hellip;]\" \/>\n<meta property=\"og:url\" content=\"https:\/\/eventco.ch\/es\/terms-of-service\/\" \/>\n<meta property=\"og:site_name\" content=\"Eventco.\" \/>\n<meta property=\"article:modified_time\" content=\"2025-09-13T20:40:08+00:00\" \/>\n<meta name=\"twitter:card\" content=\"summary_large_image\" \/>\n<meta name=\"twitter:label1\" content=\"Tiempo de lectura\" \/>\n\t<meta name=\"twitter:data1\" content=\"3 minutos\" \/>\n<script type=\"application\/ld+json\" class=\"yoast-schema-graph\">{\"@context\":\"https:\\\/\\\/schema.org\",\"@graph\":[{\"@type\":\"WebPage\",\"@id\":\"https:\\\/\\\/eventco.ch\\\/terms-of-service\\\/\",\"url\":\"https:\\\/\\\/eventco.ch\\\/terms-of-service\\\/\",\"name\":\"Terms of service - Eventco.\",\"isPartOf\":{\"@id\":\"https:\\\/\\\/eventco.ch\\\/#website\"},\"datePublished\":\"2024-07-27T20:35:09+00:00\",\"dateModified\":\"2025-09-13T20:40:08+00:00\",\"breadcrumb\":{\"@id\":\"https:\\\/\\\/eventco.ch\\\/terms-of-service\\\/#breadcrumb\"},\"inLanguage\":\"es\",\"potentialAction\":[{\"@type\":\"ReadAction\",\"target\":[\"https:\\\/\\\/eventco.ch\\\/terms-of-service\\\/\"]}]},{\"@type\":\"BreadcrumbList\",\"@id\":\"https:\\\/\\\/eventco.ch\\\/terms-of-service\\\/#breadcrumb\",\"itemListElement\":[{\"@type\":\"ListItem\",\"position\":1,\"name\":\"Home\",\"item\":\"https:\\\/\\\/eventco.ch\\\/\"},{\"@type\":\"ListItem\",\"position\":2,\"name\":\"Terms of service\"}]},{\"@type\":\"WebSite\",\"@id\":\"https:\\\/\\\/eventco.ch\\\/#website\",\"url\":\"https:\\\/\\\/eventco.ch\\\/\",\"name\":\"Eventco.\",\"description\":\"Tailored Events\",\"publisher\":{\"@id\":\"https:\\\/\\\/eventco.ch\\\/#organization\"},\"potentialAction\":[{\"@type\":\"SearchAction\",\"target\":{\"@type\":\"EntryPoint\",\"urlTemplate\":\"https:\\\/\\\/eventco.ch\\\/?s={search_term_string}\"},\"query-input\":{\"@type\":\"PropertyValueSpecification\",\"valueRequired\":true,\"valueName\":\"search_term_string\"}}],\"inLanguage\":\"es\"},{\"@type\":\"Organization\",\"@id\":\"https:\\\/\\\/eventco.ch\\\/#organization\",\"name\":\"Eventco.\",\"url\":\"https:\\\/\\\/eventco.ch\\\/\",\"logo\":{\"@type\":\"ImageObject\",\"inLanguage\":\"es\",\"@id\":\"https:\\\/\\\/eventco.ch\\\/#\\\/schema\\\/logo\\\/image\\\/\",\"url\":\"https:\\\/\\\/eventco.ch\\\/wp-content\\\/uploads\\\/2024\\\/08\\\/cropped-cropped-cropped-Logo-Eventco-Negativo.png\",\"contentUrl\":\"https:\\\/\\\/eventco.ch\\\/wp-content\\\/uploads\\\/2024\\\/08\\\/cropped-cropped-cropped-Logo-Eventco-Negativo.png\",\"width\":542,\"height\":572,\"caption\":\"Eventco.\"},\"image\":{\"@id\":\"https:\\\/\\\/eventco.ch\\\/#\\\/schema\\\/logo\\\/image\\\/\"}}]}<\/script>\n<!-- \/ Yoast SEO plugin. -->","yoast_head_json":{"title":"Terms of service - Eventco.","robots":{"index":"index","follow":"follow","max-snippet":"max-snippet:-1","max-image-preview":"max-image-preview:large","max-video-preview":"max-video-preview:-1"},"canonical":"https:\/\/eventco.ch\/es\/terms-of-service\/","og_locale":"es_ES","og_type":"article","og_title":"Terms of service - Eventco.","og_description":"Terms of Service These Terms of Service (&#8220;Terms&#8221;) govern your use of the Eventco\u00ae website (&#8220;Site&#8221;) and the services we provide (&#8220;Services&#8221;). By accessing or using the Site and Services, you agree to be bound by these Terms. If you do not agree to these Terms, please do not use the Site or Services. 1. [&hellip;]","og_url":"https:\/\/eventco.ch\/es\/terms-of-service\/","og_site_name":"Eventco.","article_modified_time":"2025-09-13T20:40:08+00:00","twitter_card":"summary_large_image","twitter_misc":{"Tiempo de lectura":"3 minutos"},"schema":{"@context":"https:\/\/schema.org","@graph":[{"@type":"WebPage","@id":"https:\/\/eventco.ch\/terms-of-service\/","url":"https:\/\/eventco.ch\/terms-of-service\/","name":"Terms of service - Eventco.","isPartOf":{"@id":"https:\/\/eventco.ch\/#website"},"datePublished":"2024-07-27T20:35:09+00:00","dateModified":"2025-09-13T20:40:08+00:00","breadcrumb":{"@id":"https:\/\/eventco.ch\/terms-of-service\/#breadcrumb"},"inLanguage":"es","potentialAction":[{"@type":"ReadAction","target":["https:\/\/eventco.ch\/terms-of-service\/"]}]},{"@type":"BreadcrumbList","@id":"https:\/\/eventco.ch\/terms-of-service\/#breadcrumb","itemListElement":[{"@type":"ListItem","position":1,"name":"Home","item":"https:\/\/eventco.ch\/"},{"@type":"ListItem","position":2,"name":"Terms of service"}]},{"@type":"WebSite","@id":"https:\/\/eventco.ch\/#website","url":"https:\/\/eventco.ch\/","name":"Eventco.","description":"Tailored Events","publisher":{"@id":"https:\/\/eventco.ch\/#organization"},"potentialAction":[{"@type":"SearchAction","target":{"@type":"EntryPoint","urlTemplate":"https:\/\/eventco.ch\/?s={search_term_string}"},"query-input":{"@type":"PropertyValueSpecification","valueRequired":true,"valueName":"search_term_string"}}],"inLanguage":"es"},{"@type":"Organization","@id":"https:\/\/eventco.ch\/#organization","name":"Eventco.","url":"https:\/\/eventco.ch\/","logo":{"@type":"ImageObject","inLanguage":"es","@id":"https:\/\/eventco.ch\/#\/schema\/logo\/image\/","url":"https:\/\/eventco.ch\/wp-content\/uploads\/2024\/08\/cropped-cropped-cropped-Logo-Eventco-Negativo.png","contentUrl":"https:\/\/eventco.ch\/wp-content\/uploads\/2024\/08\/cropped-cropped-cropped-Logo-Eventco-Negativo.png","width":542,"height":572,"caption":"Eventco."},"image":{"@id":"https:\/\/eventco.ch\/#\/schema\/logo\/image\/"}}]}},"_links":{"self":[{"href":"https:\/\/eventco.ch\/es\/wp-json\/wp\/v2\/pages\/873","targetHints":{"allow":["GET"]}}],"collection":[{"href":"https:\/\/eventco.ch\/es\/wp-json\/wp\/v2\/pages"}],"about":[{"href":"https:\/\/eventco.ch\/es\/wp-json\/wp\/v2\/types\/page"}],"author":[{"embeddable":true,"href":"https:\/\/eventco.ch\/es\/wp-json\/wp\/v2\/users\/1"}],"replies":[{"embeddable":true,"href":"https:\/\/eventco.ch\/es\/wp-json\/wp\/v2\/comments?post=873"}],"version-history":[{"count":12,"href":"https:\/\/eventco.ch\/es\/wp-json\/wp\/v2\/pages\/873\/revisions"}],"predecessor-version":[{"id":6928,"href":"https:\/\/eventco.ch\/es\/wp-json\/wp\/v2\/pages\/873\/revisions\/6928"}],"wp:attachment":[{"href":"https:\/\/eventco.ch\/es\/wp-json\/wp\/v2\/media?parent=873"}],"curies":[{"name":"wp","href":"https:\/\/api.w.org\/{rel}","templated":true}]}}