{"id":875,"date":"2024-07-27T20:35:09","date_gmt":"2024-07-27T20:35:09","guid":{"rendered":"https:\/\/eventco.ch\/?page_id=875"},"modified":"2025-09-14T08:23:37","modified_gmt":"2025-09-14T08:23:37","slug":"accessibility-statement","status":"publish","type":"page","link":"https:\/\/eventco.ch\/es\/accessibility-statement\/","title":{"rendered":"Declaraci\u00f3n de accesibilidad"},"content":{"rendered":"<div data-colibri-id=\"875-c1\" class=\"style-1352 style-local-875-c1 position-relative\">\r\n  <!---->\r\n  <div data-colibri-component=\"section\" data-colibri-id=\"875-c2\" id=\"custom\" class=\"h-section h-section-global-spacing d-flex align-items-lg-center align-items-md-center align-items-center style-1353 style-local-875-c2 position-relative\">\r\n    <!---->\r\n    <!---->\r\n    <div class=\"h-section-grid-container h-section-boxed-container\">\r\n      <!---->\r\n      <div data-colibri-id=\"875-c3\" class=\"h-row-container gutters-row-lg-2 gutters-row-md-2 gutters-row-0 gutters-row-v-lg-2 gutters-row-v-md-2 gutters-row-v-2 style-1354 style-local-875-c3 position-relative\">\r\n        <!---->\r\n        <div class=\"h-row justify-content-lg-center justify-content-md-center justify-content-center align-items-lg-stretch align-items-md-stretch align-items-stretch gutters-col-lg-2 gutters-col-md-2 gutters-col-0 gutters-col-v-lg-2 gutters-col-v-md-2 gutters-col-v-2\">\r\n          <!---->\r\n          <div class=\"h-column h-column-container d-flex h-col-lg-auto h-col-md-auto h-col-auto style-1355-outer style-local-875-c4-outer\">\r\n            <div data-colibri-id=\"875-c4\" class=\"d-flex h-flex-basis h-column__inner h-px-lg-2 h-px-md-2 h-px-2 v-inner-lg-2 v-inner-md-2 v-inner-2 style-1355 style-local-875-c4 position-relative\">\r\n              <!---->\r\n              <!---->\r\n              <div class=\"w-100 h-y-container h-column__content h-column__v-align flex-basis-100 align-self-lg-start align-self-md-start align-self-start\">\r\n                <!---->\r\n                <div data-colibri-id=\"875-c5\" class=\"style-1558 style-local-875-c5 position-relative h-element\">\r\n                  <!---->\r\n                <\/div>\r\n                <div data-colibri-id=\"875-c6\" class=\"h-text h-text-component style-1356 style-local-875-c6 position-relative h-element\">\r\n                  <!---->\r\n                  <!---->\r\n                  <div class=\"\">\r\n                    <h3>Declaraci\u00f3n de accesibilidad<\/h3>\r\n                    <p>Eventco\u00ae (\u00ab nosotros \u00bb, \u00ab nuestro \u00bb o \u00ab nuestros \u00bb) est\u00e1 comprometido con garantizar la accesibilidad digital para todos los usuarios, incluidas las personas con discapacidad. Nos esforzamos por mejorar continuamente la experiencia del usuario y aplicar las normas de accesibilidad pertinentes para ofrecer un acceso equitativo a nuestros servicios.<\/p>\r\n                    <h5>1. Nuestro compromiso<\/h5>\r\n                    <p>Estamos trabajando para que nuestro sitio web sea accesible al p\u00fablico m\u00e1s amplio posible, independientemente de sus capacidades o de la tecnolog\u00eda utilizada. En l\u00ednea con la Ley Federal Suiza de Eliminaci\u00f3n de Desventajas para las Personas con Discapacidad (BehiG) y las mejores pr\u00e1cticas internacionales de accesibilidad, nuestro objetivo es eliminar barreras de acceso y usabilidad.<\/p>\r\n                    <h5>2. Normas de accesibilidad<\/h5>\r\n                    <p>Nuestros esfuerzos est\u00e1n guiados por:<\/p>\r\n                    <ul>\r\n                      <li>Directrices de accesibilidad para el contenido web (WCAG) 2.1, nivel AA (y, cuando sea posible, WCAG 2.2)<\/li>\r\n                      <li>EN 301 549 (norma europea de accesibilidad digital)<\/li>\r\n                      <li>Buenas pr\u00e1cticas recomendadas por la Administraci\u00f3n Federal Suiza<\/li>\r\n                    <\/ul>\r\n                    <h5>3. Medidas que tomamos<\/h5>\r\n                    <p>Para apoyar la accesibilidad, nosotros:<\/p>\r\n                    <ul>\r\n                      <li>Proporcionamos texto alternativo para las im\u00e1genes relevantes<\/li>\r\n                      <li>Aseguramos una estructura l\u00f3gica de la p\u00e1gina y una navegaci\u00f3n clara<\/li>\r\n                      <li>Mantenemos un contraste suficiente y tama\u00f1os de texto escalables<\/li>\r\n                      <li>Usamos descripciones claras de enlaces e indicadores de enfoque<\/li>\r\n                      <li>Proporcionamos subt\u00edtulos y\/o transcripciones para contenidos multimedia, cuando sea posible<\/li>\r\n                    <\/ul>\r\n                    <h5>4. Mejora continua<\/h5>\r\n                    <p>Revisamos y probamos regularmente nuestro sitio web para identificar y abordar problemas de accesibilidad. La accesibilidad est\u00e1 integrada en nuestro proceso de desarrollo web y estamos comprometidos con la mejora continua.<\/p>\r\n                    <h5>5. Limitaciones<\/h5>\r\n                    <p>A pesar de nuestros mayores esfuerzos, algunos contenidos pueden no cumplir todav\u00eda completamente con los est\u00e1ndares de accesibilidad. Seguimos trabajando en mejoras y no podemos garantizar el pleno cumplimiento en todas las \u00e1reas en todo momento.<\/p>\r\n                    <h5>6. Comentarios y asistencia<\/h5>\r\n                    <p>Agradecemos sus comentarios. Si experimenta barreras al usar nuestro sitio o necesita asistencia, por favor cont\u00e1ctenos:<\/p>\r\n                    <p><strong>Correo electr\u00f3nico<\/strong>:\r\n                      <a href=\"mailto:events@eventco.ch\">events@eventco.ch<\/a>\r\n                      <br>\r\n                    <\/p>\r\n                    <p><strong>Tel\u00e9fono<\/strong>:\r\n                      <a href=\"tel:+41792892222\">+41 79 289 22 22<\/a>\r\n                      <br>\r\n                    <\/p>\r\n                    <p><strong>Online<\/strong>:\r\n                      <a href=\"https:\/\/eventco.ch\/de\/contact\">Contact Page \u2013 Eventco<\/a>\r\n                    <\/p>\r\n                    <p>Revisaremos todas las solicitudes y haremos todo lo posible para ofrecer una alternativa adecuada.<\/p>\r\n                    <h5>7. Contenido de terceros<\/h5>\r\n                    <p>Nuestro sitio web puede incluir enlaces a sitios de terceros. No podemos garantizar la accesibilidad de los contenidos externos, pero animamos a nuestros socios a cumplir con los mismos est\u00e1ndares.<\/p>\r\n                    <h5>8. Actualizaciones<\/h5>\r\n                    <p>Podemos actualizar esta declaraci\u00f3n de accesibilidad para reflejar cambios en la tecnolog\u00eda, los est\u00e1ndares o las pr\u00e1cticas. La \u00faltima versi\u00f3n estar\u00e1 siempre disponible en esta p\u00e1gina.<\/p>\r\n                    <ul>\r\n                      <li><strong>\u00daltima actualizaci\u00f3n<\/strong>: 28 de julio de 2025<\/li>\r\n                    <\/ul>\r\n                    <p>\r\n                      <br>\r\n                    <\/p>\r\n                  <\/div>\r\n                <\/div>\r\n              <\/div>\r\n            <\/div>\r\n          <\/div>\r\n        <\/div>\r\n      <\/div>\r\n    <\/div>\r\n  <\/div>\r\n<\/div>","protected":false},"excerpt":{"rendered":"<p>Accessibility Statement Eventco.\u00ae (\u201cwe,\u201d \u201cus,\u201d or \u201cour\u201d) is committed to ensuring digital accessibility for all users, including people with disabilities. We strive to improve the user experience and apply relevant accessibility standards to provide equal access to our services. 1. Our Commitment We are working to make our website accessible to the widest possible audience, [&hellip;]<\/p>\n","protected":false},"author":1,"featured_media":0,"parent":0,"menu_order":0,"comment_status":"closed","ping_status":"closed","template":"page-templates\/full-width-page.php","meta":{"footnotes":""},"class_list":["post-875","page","type-page","status-publish","hentry"],"yoast_head":"<!-- This site is optimized with the Yoast SEO plugin v27.6 - https:\/\/yoast.com\/product\/yoast-seo-wordpress\/ -->\n<title>Accessibility Statement - Eventco.<\/title>\n<meta name=\"robots\" content=\"index, follow, max-snippet:-1, max-image-preview:large, max-video-preview:-1\" \/>\n<link rel=\"canonical\" href=\"https:\/\/eventco.ch\/es\/accessibility-statement\/\" \/>\n<meta property=\"og:locale\" content=\"es_ES\" \/>\n<meta property=\"og:type\" content=\"article\" \/>\n<meta property=\"og:title\" content=\"Accessibility Statement - Eventco.\" \/>\n<meta property=\"og:description\" content=\"Accessibility Statement Eventco.\u00ae (\u201cwe,\u201d \u201cus,\u201d or \u201cour\u201d) is committed to ensuring digital accessibility for all users, including people with disabilities. We strive to improve the user experience and apply relevant accessibility standards to provide equal access to our services. 1. Our Commitment We are working to make our website accessible to the widest possible audience, [&hellip;]\" \/>\n<meta property=\"og:url\" content=\"https:\/\/eventco.ch\/es\/accessibility-statement\/\" \/>\n<meta property=\"og:site_name\" content=\"Eventco.\" \/>\n<meta property=\"article:modified_time\" content=\"2025-09-14T08:23:37+00:00\" \/>\n<meta name=\"twitter:card\" content=\"summary_large_image\" \/>\n<meta name=\"twitter:label1\" content=\"Tiempo de lectura\" \/>\n\t<meta name=\"twitter:data1\" content=\"2 minutos\" \/>\n<script type=\"application\/ld+json\" class=\"yoast-schema-graph\">{\"@context\":\"https:\\\/\\\/schema.org\",\"@graph\":[{\"@type\":\"WebPage\",\"@id\":\"https:\\\/\\\/eventco.ch\\\/accessibility-statement\\\/\",\"url\":\"https:\\\/\\\/eventco.ch\\\/accessibility-statement\\\/\",\"name\":\"Accessibility Statement - Eventco.\",\"isPartOf\":{\"@id\":\"https:\\\/\\\/eventco.ch\\\/#website\"},\"datePublished\":\"2024-07-27T20:35:09+00:00\",\"dateModified\":\"2025-09-14T08:23:37+00:00\",\"breadcrumb\":{\"@id\":\"https:\\\/\\\/eventco.ch\\\/accessibility-statement\\\/#breadcrumb\"},\"inLanguage\":\"es\",\"potentialAction\":[{\"@type\":\"ReadAction\",\"target\":[\"https:\\\/\\\/eventco.ch\\\/accessibility-statement\\\/\"]}]},{\"@type\":\"BreadcrumbList\",\"@id\":\"https:\\\/\\\/eventco.ch\\\/accessibility-statement\\\/#breadcrumb\",\"itemListElement\":[{\"@type\":\"ListItem\",\"position\":1,\"name\":\"Home\",\"item\":\"https:\\\/\\\/eventco.ch\\\/\"},{\"@type\":\"ListItem\",\"position\":2,\"name\":\"Accessibility Statement\"}]},{\"@type\":\"WebSite\",\"@id\":\"https:\\\/\\\/eventco.ch\\\/#website\",\"url\":\"https:\\\/\\\/eventco.ch\\\/\",\"name\":\"Eventco.\",\"description\":\"Tailored Events\",\"publisher\":{\"@id\":\"https:\\\/\\\/eventco.ch\\\/#organization\"},\"potentialAction\":[{\"@type\":\"SearchAction\",\"target\":{\"@type\":\"EntryPoint\",\"urlTemplate\":\"https:\\\/\\\/eventco.ch\\\/?s={search_term_string}\"},\"query-input\":{\"@type\":\"PropertyValueSpecification\",\"valueRequired\":true,\"valueName\":\"search_term_string\"}}],\"inLanguage\":\"es\"},{\"@type\":\"Organization\",\"@id\":\"https:\\\/\\\/eventco.ch\\\/#organization\",\"name\":\"Eventco.\",\"url\":\"https:\\\/\\\/eventco.ch\\\/\",\"logo\":{\"@type\":\"ImageObject\",\"inLanguage\":\"es\",\"@id\":\"https:\\\/\\\/eventco.ch\\\/#\\\/schema\\\/logo\\\/image\\\/\",\"url\":\"https:\\\/\\\/eventco.ch\\\/wp-content\\\/uploads\\\/2024\\\/08\\\/cropped-cropped-cropped-Logo-Eventco-Negativo.png\",\"contentUrl\":\"https:\\\/\\\/eventco.ch\\\/wp-content\\\/uploads\\\/2024\\\/08\\\/cropped-cropped-cropped-Logo-Eventco-Negativo.png\",\"width\":542,\"height\":572,\"caption\":\"Eventco.\"},\"image\":{\"@id\":\"https:\\\/\\\/eventco.ch\\\/#\\\/schema\\\/logo\\\/image\\\/\"}}]}<\/script>\n<!-- \/ Yoast SEO plugin. -->","yoast_head_json":{"title":"Accessibility Statement - Eventco.","robots":{"index":"index","follow":"follow","max-snippet":"max-snippet:-1","max-image-preview":"max-image-preview:large","max-video-preview":"max-video-preview:-1"},"canonical":"https:\/\/eventco.ch\/es\/accessibility-statement\/","og_locale":"es_ES","og_type":"article","og_title":"Accessibility Statement - Eventco.","og_description":"Accessibility Statement Eventco.\u00ae (\u201cwe,\u201d \u201cus,\u201d or \u201cour\u201d) is committed to ensuring digital accessibility for all users, including people with disabilities. We strive to improve the user experience and apply relevant accessibility standards to provide equal access to our services. 1. Our Commitment We are working to make our website accessible to the widest possible audience, [&hellip;]","og_url":"https:\/\/eventco.ch\/es\/accessibility-statement\/","og_site_name":"Eventco.","article_modified_time":"2025-09-14T08:23:37+00:00","twitter_card":"summary_large_image","twitter_misc":{"Tiempo de lectura":"2 minutos"},"schema":{"@context":"https:\/\/schema.org","@graph":[{"@type":"WebPage","@id":"https:\/\/eventco.ch\/accessibility-statement\/","url":"https:\/\/eventco.ch\/accessibility-statement\/","name":"Accessibility Statement - Eventco.","isPartOf":{"@id":"https:\/\/eventco.ch\/#website"},"datePublished":"2024-07-27T20:35:09+00:00","dateModified":"2025-09-14T08:23:37+00:00","breadcrumb":{"@id":"https:\/\/eventco.ch\/accessibility-statement\/#breadcrumb"},"inLanguage":"es","potentialAction":[{"@type":"ReadAction","target":["https:\/\/eventco.ch\/accessibility-statement\/"]}]},{"@type":"BreadcrumbList","@id":"https:\/\/eventco.ch\/accessibility-statement\/#breadcrumb","itemListElement":[{"@type":"ListItem","position":1,"name":"Home","item":"https:\/\/eventco.ch\/"},{"@type":"ListItem","position":2,"name":"Accessibility Statement"}]},{"@type":"WebSite","@id":"https:\/\/eventco.ch\/#website","url":"https:\/\/eventco.ch\/","name":"Eventco.","description":"Tailored Events","publisher":{"@id":"https:\/\/eventco.ch\/#organization"},"potentialAction":[{"@type":"SearchAction","target":{"@type":"EntryPoint","urlTemplate":"https:\/\/eventco.ch\/?s={search_term_string}"},"query-input":{"@type":"PropertyValueSpecification","valueRequired":true,"valueName":"search_term_string"}}],"inLanguage":"es"},{"@type":"Organization","@id":"https:\/\/eventco.ch\/#organization","name":"Eventco.","url":"https:\/\/eventco.ch\/","logo":{"@type":"ImageObject","inLanguage":"es","@id":"https:\/\/eventco.ch\/#\/schema\/logo\/image\/","url":"https:\/\/eventco.ch\/wp-content\/uploads\/2024\/08\/cropped-cropped-cropped-Logo-Eventco-Negativo.png","contentUrl":"https:\/\/eventco.ch\/wp-content\/uploads\/2024\/08\/cropped-cropped-cropped-Logo-Eventco-Negativo.png","width":542,"height":572,"caption":"Eventco."},"image":{"@id":"https:\/\/eventco.ch\/#\/schema\/logo\/image\/"}}]}},"_links":{"self":[{"href":"https:\/\/eventco.ch\/es\/wp-json\/wp\/v2\/pages\/875","targetHints":{"allow":["GET"]}}],"collection":[{"href":"https:\/\/eventco.ch\/es\/wp-json\/wp\/v2\/pages"}],"about":[{"href":"https:\/\/eventco.ch\/es\/wp-json\/wp\/v2\/types\/page"}],"author":[{"embeddable":true,"href":"https:\/\/eventco.ch\/es\/wp-json\/wp\/v2\/users\/1"}],"replies":[{"embeddable":true,"href":"https:\/\/eventco.ch\/es\/wp-json\/wp\/v2\/comments?post=875"}],"version-history":[{"count":16,"href":"https:\/\/eventco.ch\/es\/wp-json\/wp\/v2\/pages\/875\/revisions"}],"predecessor-version":[{"id":7004,"href":"https:\/\/eventco.ch\/es\/wp-json\/wp\/v2\/pages\/875\/revisions\/7004"}],"wp:attachment":[{"href":"https:\/\/eventco.ch\/es\/wp-json\/wp\/v2\/media?parent=875"}],"curies":[{"name":"wp","href":"https:\/\/api.w.org\/{rel}","templated":true}]}}