{"id":874,"date":"2024-07-27T20:35:09","date_gmt":"2024-07-27T20:35:09","guid":{"rendered":"https:\/\/eventco.ch\/?page_id=874"},"modified":"2026-02-28T22:35:32","modified_gmt":"2026-02-28T22:35:32","slug":"cookie-policy","status":"publish","type":"page","link":"https:\/\/eventco.ch\/fr\/cookie-policy\/","title":{"rendered":"Politique relative aux cookies"},"content":{"rendered":"<div data-colibri-id=\"874-c1\" class=\"style-1346 style-local-874-c1 position-relative\">\n  <!---->\n  <div data-colibri-component=\"section\" data-colibri-id=\"874-c2\" id=\"custom\" class=\"h-section h-section-global-spacing d-flex align-items-lg-center align-items-md-center align-items-center style-1347 style-local-874-c2 position-relative\">\n    <!---->\n    <!---->\n    <div class=\"h-section-grid-container h-section-boxed-container\">\n      <!---->\n      <div data-colibri-id=\"874-c3\" class=\"h-row-container gutters-row-lg-2 gutters-row-md-2 gutters-row-0 gutters-row-v-lg-2 gutters-row-v-md-2 gutters-row-v-2 style-1348 style-local-874-c3 position-relative\">\n        <!---->\n        <div class=\"h-row justify-content-lg-center justify-content-md-center justify-content-center align-items-lg-stretch align-items-md-stretch align-items-stretch gutters-col-lg-2 gutters-col-md-2 gutters-col-0 gutters-col-v-lg-2 gutters-col-v-md-2 gutters-col-v-2\">\n          <!---->\n          <div class=\"h-column h-column-container d-flex h-col-lg-auto h-col-md-auto h-col-auto style-1349-outer style-local-874-c4-outer\">\n            <div data-colibri-id=\"874-c4\" class=\"d-flex h-flex-basis h-column__inner h-px-lg-2 h-px-md-2 h-px-2 v-inner-lg-2 v-inner-md-2 v-inner-2 style-1349 style-local-874-c4 position-relative\">\n              <!---->\n              <!---->\n              <div class=\"w-100 h-y-container h-column__content h-column__v-align flex-basis-100 align-self-lg-start align-self-md-start align-self-start\">\n                <!---->\n                <div data-colibri-id=\"874-c5\" class=\"style-1351 style-local-874-c5 position-relative h-element\">\n                  <!---->\n                <\/div>\n                <div data-colibri-id=\"874-c6\" class=\"h-text h-text-component style-1350 style-local-874-c6 position-relative h-element\">\n                  <!---->\n                  <!---->\n                  <div class=\"\">\n                    <h3>Politique en mati\u00e8re de cookies<\/h3>\n                    <p><strong>Eventco.\u00ae<\/strong> (\u00ab nous \u00bb, \u00ab notre \u00bb ou \u00ab nos \u00bb) utilise des cookies et des technologies similaires sur notre site web (\u00ab Site \u00bb) afin d\u2019assurer le bon fonctionnement du site et de fournir une exp\u00e9rience s\u00e9curis\u00e9e et conviviale. La pr\u00e9sente Politique en mati\u00e8re de cookies explique ce que sont les cookies, quels types nous utilisons et les options dont vous disposez concernant leur utilisation.<\/p>\n                    <h4>1. Que sont les cookies ?<\/h4>\n                    <p>Les cookies sont de petits fichiers texte stock\u00e9s sur votre appareil lorsque vous visitez un site web. Ils sont largement utilis\u00e9s pour permettre aux sites web de fonctionner efficacement, am\u00e9liorer votre exp\u00e9rience de navigation et recueillir des informations sur la mani\u00e8re dont les utilisateurs interagissent avec le site.<\/p>\n                    <h4>2. Types de cookies que nous utilisons<\/h4>\n                    <p>Nous utilisons les cat\u00e9gories de cookies suivantes sur notre Site :<\/p>\n                    <ul>\n                      <li><strong>Cookies essentiels (strictement n\u00e9cessaires)<\/strong> \u2013 Ceux-ci sont n\u00e9cessaires au bon fonctionnement du site web et ne peuvent pas \u00eatre d\u00e9sactiv\u00e9s. Ils sont g\u00e9n\u00e9ralement d\u00e9finis en r\u00e9ponse aux actions que vous effectuez, telles que la configuration de vos pr\u00e9f\u00e9rences en mati\u00e8re de cookies, la connexion \u00e0 des zones s\u00e9curis\u00e9es du Site ou la soumission de formulaires.<\/li>\n                      <li><strong>Cookies de performance \/ d\u2019analyse<\/strong> \u2013 Ces cookies nous aident \u00e0 comprendre comment les visiteurs interagissent avec notre site en collectant des informations telles que les pages consult\u00e9es, le temps pass\u00e9 et les sources de trafic. Ces donn\u00e9es sont utilis\u00e9es pour am\u00e9liorer la fonctionnalit\u00e9 et l\u2019exp\u00e9rience utilisateur de notre site. Les cookies d\u2019analyse ne sont plac\u00e9s qu\u2019apr\u00e8s que vous avez donn\u00e9 votre consentement explicite. Sans votre consentement, ces cookies ne seront pas activ\u00e9s.<\/li>\n                      <li><strong>Cookies marketing \/ publicitaires<\/strong> \u2013 Ces cookies sont utilis\u00e9s pour diffuser des publicit\u00e9s pertinentes, mesurer l\u2019efficacit\u00e9 des campagnes et suivre les visiteurs sur diff\u00e9rents sites web. Ils nous aident \u00e0 pr\u00e9senter du contenu et des offres susceptibles de vous int\u00e9resser. Les cookies marketing ne sont plac\u00e9s qu\u2019apr\u00e8s que vous avez donn\u00e9 votre consentement explicite. Sans votre consentement, ces cookies ne seront pas activ\u00e9s.<\/li>\n                    <\/ul>\n                    <h4>3. Base l\u00e9gale de l\u2019utilisation des cookies<\/h4>\n                    <p>En vertu de la Loi f\u00e9d\u00e9rale suisse sur la protection des donn\u00e9es (rev-LPD) et du R\u00e8glement g\u00e9n\u00e9ral sur la protection des donn\u00e9es (RGPD) :<\/p>\n                    <ul>\n                      <li><strong>Cookies essentiels<\/strong> sont n\u00e9cessaires au fonctionnement de notre site web et sont utilis\u00e9s sans consentement (art. 6, par. 1, let. f RGPD \/ int\u00e9r\u00eats l\u00e9gitimes). Ils ne peuvent pas \u00eatre d\u00e9sactiv\u00e9s dans nos syst\u00e8mes.<\/li>\n                      <li><strong>Cookies d\u2019analyse et de marketing<\/strong> ne sont utilis\u00e9s qu\u2019avec votre consentement explicite (art. 6, \u00a71, a) RGPD). Vous pouvez retirer votre consentement \u00e0 tout moment via notre banni\u00e8re de cookies ou les param\u00e8tres de votre navigateur.<\/li>\n                    <\/ul>\n                    <h4>4. Comment g\u00e9rer ou d\u00e9sactiver les cookies<\/h4>\n                    <p>Vous pouvez g\u00e9rer vos pr\u00e9f\u00e9rences en mati\u00e8re de cookies via notre banni\u00e8re de cookies, o\u00f9 vous pouvez tout accepter, tout refuser ou ajuster vos choix par cat\u00e9gorie. Vous pouvez \u00e9galement g\u00e9rer ou bloquer les cookies en ajustant les param\u00e8tres de votre navigateur.<\/p>\n                    <p>Merci de noter que la d\u00e9sactivation des cookies essentiels peut affecter le fonctionnement du Site.<\/p>\n                    <p>Si vous supprimez vos cookies ou utilisez un autre navigateur ou appareil, il se peut que vous deviez d\u00e9finir \u00e0 nouveau vos pr\u00e9f\u00e9rences.<\/p>\n                    <p>Pour plus d\u2019informations sur la gestion des cookies dans votre navigateur, rendez-vous sur :&nbsp;\n                      <a href=\"https:\/\/www.aboutcookies.org\" target=\"_new\" rel=\"noopener\" class=\"customize-unpreviewable\">www.aboutcookies.org<\/a> ou\n                      <a href=\"https:\/\/www.allaboutcookies.org\" target=\"_new\" rel=\"noopener\" class=\"customize-unpreviewable\">www.allaboutcookies.org<\/a>\n                    <\/p>\n                    <h4>5. Mises \u00e0 jour de la pr\u00e9sente Politique en mati\u00e8re de cookies<\/h4>\n                    <p>Nous pouvons mettre \u00e0 jour la pr\u00e9sente Politique en mati\u00e8re de cookies afin de refl\u00e9ter les \u00e9volutions technologiques, les exigences l\u00e9gales ou nos pratiques. Les mises \u00e0 jour seront publi\u00e9es sur cette page avec une date de \u00ab Derni\u00e8re mise \u00e0 jour \u00bb r\u00e9vis\u00e9e.<\/p>\n                    <h4>6. Contact et informations compl\u00e9mentaires<\/h4>\n                    <p>Pour plus de d\u00e9tails sur la mani\u00e8re dont Eventco\u00ae traite vos donn\u00e9es personnelles, vos droits en vertu de la l\u00e9gislation sur la protection des donn\u00e9es et la fa\u00e7on de nous contacter, consultez notre\n                      <a href=\"https:\/\/eventco.ch\/de\/privacy-notice\">Politique de confidentialit\u00e9.<\/a>\n                    <\/p>\n                    <ul>\n                      <li><em>Derni\u00e8re mise \u00e0 jour : 28 juillet 2025<\/em><\/li>\n                    <\/ul>\n                    <p>\n                      <br>\n                    <\/p>\n                  <\/div>\n                <\/div>\n              <\/div>\n            <\/div>\n          <\/div>\n        <\/div>\n      <\/div>\n    <\/div>\n  <\/div>\n<\/div>","protected":false},"excerpt":{"rendered":"<p>Cookie Policy Eventco.\u00ae (\u201cwe,\u201d \u201cus,\u201d or \u201cour\u201d) uses cookies and similar technologies on our website (\u201cSite\u201d) to ensure the site functions properly and delivers a secure, user-friendly experience. This Cookie Policy explains what cookies are, which types we use, and your options regarding their use. 1. What Are Cookies? Cookies are small text files stored [&hellip;]<\/p>\n","protected":false},"author":1,"featured_media":0,"parent":0,"menu_order":0,"comment_status":"closed","ping_status":"closed","template":"page-templates\/full-width-page.php","meta":{"footnotes":""},"class_list":["post-874","page","type-page","status-publish","hentry"],"yoast_head":"<!-- This site is optimized with the Yoast SEO plugin v27.6 - https:\/\/yoast.com\/product\/yoast-seo-wordpress\/ -->\n<title>Cookie policy - Eventco.<\/title>\n<meta name=\"robots\" content=\"index, follow, max-snippet:-1, max-image-preview:large, max-video-preview:-1\" \/>\n<link rel=\"canonical\" href=\"https:\/\/eventco.ch\/fr\/cookie-policy\/\" \/>\n<meta property=\"og:locale\" content=\"fr_FR\" \/>\n<meta property=\"og:type\" content=\"article\" \/>\n<meta property=\"og:title\" content=\"Cookie policy - Eventco.\" \/>\n<meta property=\"og:description\" content=\"Cookie Policy Eventco.\u00ae (\u201cwe,\u201d \u201cus,\u201d or \u201cour\u201d) uses cookies and similar technologies on our website (\u201cSite\u201d) to ensure the site functions properly and delivers a secure, user-friendly experience. This Cookie Policy explains what cookies are, which types we use, and your options regarding their use. 1. What Are Cookies? Cookies are small text files stored [&hellip;]\" \/>\n<meta property=\"og:url\" content=\"https:\/\/eventco.ch\/fr\/cookie-policy\/\" \/>\n<meta property=\"og:site_name\" content=\"Eventco.\" \/>\n<meta property=\"article:modified_time\" content=\"2026-02-28T22:35:32+00:00\" \/>\n<meta name=\"twitter:card\" content=\"summary_large_image\" \/>\n<meta name=\"twitter:label1\" content=\"Dur\u00e9e de lecture estim\u00e9e\" \/>\n\t<meta name=\"twitter:data1\" content=\"3 minutes\" \/>\n<script type=\"application\/ld+json\" class=\"yoast-schema-graph\">{\"@context\":\"https:\\\/\\\/schema.org\",\"@graph\":[{\"@type\":\"WebPage\",\"@id\":\"https:\\\/\\\/eventco.ch\\\/cookie-policy\\\/\",\"url\":\"https:\\\/\\\/eventco.ch\\\/cookie-policy\\\/\",\"name\":\"Cookie policy - Eventco.\",\"isPartOf\":{\"@id\":\"https:\\\/\\\/eventco.ch\\\/#website\"},\"datePublished\":\"2024-07-27T20:35:09+00:00\",\"dateModified\":\"2026-02-28T22:35:32+00:00\",\"breadcrumb\":{\"@id\":\"https:\\\/\\\/eventco.ch\\\/cookie-policy\\\/#breadcrumb\"},\"inLanguage\":\"fr-FR\",\"potentialAction\":[{\"@type\":\"ReadAction\",\"target\":[\"https:\\\/\\\/eventco.ch\\\/cookie-policy\\\/\"]}]},{\"@type\":\"BreadcrumbList\",\"@id\":\"https:\\\/\\\/eventco.ch\\\/cookie-policy\\\/#breadcrumb\",\"itemListElement\":[{\"@type\":\"ListItem\",\"position\":1,\"name\":\"Home\",\"item\":\"https:\\\/\\\/eventco.ch\\\/\"},{\"@type\":\"ListItem\",\"position\":2,\"name\":\"Cookie policy\"}]},{\"@type\":\"WebSite\",\"@id\":\"https:\\\/\\\/eventco.ch\\\/#website\",\"url\":\"https:\\\/\\\/eventco.ch\\\/\",\"name\":\"Eventco.\",\"description\":\"Tailored Events\",\"publisher\":{\"@id\":\"https:\\\/\\\/eventco.ch\\\/#organization\"},\"potentialAction\":[{\"@type\":\"SearchAction\",\"target\":{\"@type\":\"EntryPoint\",\"urlTemplate\":\"https:\\\/\\\/eventco.ch\\\/?s={search_term_string}\"},\"query-input\":{\"@type\":\"PropertyValueSpecification\",\"valueRequired\":true,\"valueName\":\"search_term_string\"}}],\"inLanguage\":\"fr-FR\"},{\"@type\":\"Organization\",\"@id\":\"https:\\\/\\\/eventco.ch\\\/#organization\",\"name\":\"Eventco.\",\"url\":\"https:\\\/\\\/eventco.ch\\\/\",\"logo\":{\"@type\":\"ImageObject\",\"inLanguage\":\"fr-FR\",\"@id\":\"https:\\\/\\\/eventco.ch\\\/#\\\/schema\\\/logo\\\/image\\\/\",\"url\":\"https:\\\/\\\/eventco.ch\\\/wp-content\\\/uploads\\\/2024\\\/08\\\/cropped-cropped-cropped-Logo-Eventco-Negativo.png\",\"contentUrl\":\"https:\\\/\\\/eventco.ch\\\/wp-content\\\/uploads\\\/2024\\\/08\\\/cropped-cropped-cropped-Logo-Eventco-Negativo.png\",\"width\":542,\"height\":572,\"caption\":\"Eventco.\"},\"image\":{\"@id\":\"https:\\\/\\\/eventco.ch\\\/#\\\/schema\\\/logo\\\/image\\\/\"}}]}<\/script>\n<!-- \/ Yoast SEO plugin. -->","yoast_head_json":{"title":"Cookie policy - Eventco.","robots":{"index":"index","follow":"follow","max-snippet":"max-snippet:-1","max-image-preview":"max-image-preview:large","max-video-preview":"max-video-preview:-1"},"canonical":"https:\/\/eventco.ch\/fr\/cookie-policy\/","og_locale":"fr_FR","og_type":"article","og_title":"Cookie policy - Eventco.","og_description":"Cookie Policy Eventco.\u00ae (\u201cwe,\u201d \u201cus,\u201d or \u201cour\u201d) uses cookies and similar technologies on our website (\u201cSite\u201d) to ensure the site functions properly and delivers a secure, user-friendly experience. This Cookie Policy explains what cookies are, which types we use, and your options regarding their use. 1. What Are Cookies? Cookies are small text files stored [&hellip;]","og_url":"https:\/\/eventco.ch\/fr\/cookie-policy\/","og_site_name":"Eventco.","article_modified_time":"2026-02-28T22:35:32+00:00","twitter_card":"summary_large_image","twitter_misc":{"Dur\u00e9e de lecture estim\u00e9e":"3 minutes"},"schema":{"@context":"https:\/\/schema.org","@graph":[{"@type":"WebPage","@id":"https:\/\/eventco.ch\/cookie-policy\/","url":"https:\/\/eventco.ch\/cookie-policy\/","name":"Cookie policy - Eventco.","isPartOf":{"@id":"https:\/\/eventco.ch\/#website"},"datePublished":"2024-07-27T20:35:09+00:00","dateModified":"2026-02-28T22:35:32+00:00","breadcrumb":{"@id":"https:\/\/eventco.ch\/cookie-policy\/#breadcrumb"},"inLanguage":"fr-FR","potentialAction":[{"@type":"ReadAction","target":["https:\/\/eventco.ch\/cookie-policy\/"]}]},{"@type":"BreadcrumbList","@id":"https:\/\/eventco.ch\/cookie-policy\/#breadcrumb","itemListElement":[{"@type":"ListItem","position":1,"name":"Home","item":"https:\/\/eventco.ch\/"},{"@type":"ListItem","position":2,"name":"Cookie policy"}]},{"@type":"WebSite","@id":"https:\/\/eventco.ch\/#website","url":"https:\/\/eventco.ch\/","name":"Eventco.","description":"Tailored Events","publisher":{"@id":"https:\/\/eventco.ch\/#organization"},"potentialAction":[{"@type":"SearchAction","target":{"@type":"EntryPoint","urlTemplate":"https:\/\/eventco.ch\/?s={search_term_string}"},"query-input":{"@type":"PropertyValueSpecification","valueRequired":true,"valueName":"search_term_string"}}],"inLanguage":"fr-FR"},{"@type":"Organization","@id":"https:\/\/eventco.ch\/#organization","name":"Eventco.","url":"https:\/\/eventco.ch\/","logo":{"@type":"ImageObject","inLanguage":"fr-FR","@id":"https:\/\/eventco.ch\/#\/schema\/logo\/image\/","url":"https:\/\/eventco.ch\/wp-content\/uploads\/2024\/08\/cropped-cropped-cropped-Logo-Eventco-Negativo.png","contentUrl":"https:\/\/eventco.ch\/wp-content\/uploads\/2024\/08\/cropped-cropped-cropped-Logo-Eventco-Negativo.png","width":542,"height":572,"caption":"Eventco."},"image":{"@id":"https:\/\/eventco.ch\/#\/schema\/logo\/image\/"}}]}},"_links":{"self":[{"href":"https:\/\/eventco.ch\/fr\/wp-json\/wp\/v2\/pages\/874","targetHints":{"allow":["GET"]}}],"collection":[{"href":"https:\/\/eventco.ch\/fr\/wp-json\/wp\/v2\/pages"}],"about":[{"href":"https:\/\/eventco.ch\/fr\/wp-json\/wp\/v2\/types\/page"}],"author":[{"embeddable":true,"href":"https:\/\/eventco.ch\/fr\/wp-json\/wp\/v2\/users\/1"}],"replies":[{"embeddable":true,"href":"https:\/\/eventco.ch\/fr\/wp-json\/wp\/v2\/comments?post=874"}],"version-history":[{"count":17,"href":"https:\/\/eventco.ch\/fr\/wp-json\/wp\/v2\/pages\/874\/revisions"}],"predecessor-version":[{"id":12693,"href":"https:\/\/eventco.ch\/fr\/wp-json\/wp\/v2\/pages\/874\/revisions\/12693"}],"wp:attachment":[{"href":"https:\/\/eventco.ch\/fr\/wp-json\/wp\/v2\/media?parent=874"}],"curies":[{"name":"wp","href":"https:\/\/api.w.org\/{rel}","templated":true}]}}