{"id":873,"date":"2024-07-27T20:35:09","date_gmt":"2024-07-27T20:35:09","guid":{"rendered":"https:\/\/eventco.ch\/?page_id=873"},"modified":"2025-09-13T20:40:08","modified_gmt":"2025-09-13T20:40:08","slug":"terms-of-service","status":"publish","type":"page","link":"https:\/\/eventco.ch\/it\/terms-of-service\/","title":{"rendered":"Termini di servizio"},"content":{"rendered":"<div data-colibri-id=\"873-c1\" class=\"style-1306 style-local-873-c1 position-relative\">\n  <!---->\n  <div data-colibri-component=\"section\" data-colibri-id=\"873-c2\" id=\"custom\" class=\"h-section h-section-global-spacing d-flex align-items-lg-center align-items-md-center align-items-center style-1307 style-local-873-c2 position-relative\">\n    <!---->\n    <!---->\n    <div class=\"h-section-grid-container h-section-boxed-container\">\n      <!---->\n      <div data-colibri-id=\"873-c3\" class=\"h-row-container gutters-row-lg-2 gutters-row-md-2 gutters-row-0 gutters-row-v-lg-2 gutters-row-v-md-2 gutters-row-v-2 style-1308 style-local-873-c3 position-relative\">\n        <!---->\n        <div class=\"h-row justify-content-lg-center justify-content-md-center justify-content-center align-items-lg-stretch align-items-md-stretch align-items-stretch gutters-col-lg-2 gutters-col-md-2 gutters-col-0 gutters-col-v-lg-2 gutters-col-v-md-2 gutters-col-v-2\">\n          <!---->\n          <div class=\"h-column h-column-container d-flex h-col-lg-auto h-col-md-auto h-col-auto style-1309-outer style-local-873-c4-outer\">\n            <div data-colibri-id=\"873-c4\" class=\"d-flex h-flex-basis h-column__inner h-px-lg-2 h-px-md-2 h-px-2 v-inner-lg-2 v-inner-md-2 v-inner-2 style-1309 style-local-873-c4 position-relative\">\n              <!---->\n              <!---->\n              <div class=\"w-100 h-y-container h-column__content h-column__v-align flex-basis-100 align-self-lg-start align-self-md-start align-self-start\">\n                <!---->\n                <div data-colibri-id=\"873-c5\" class=\"style-1311 style-local-873-c5 position-relative h-element\">\n                  <!---->\n                <\/div>\n                <div data-colibri-id=\"873-c6\" class=\"h-text h-text-component style-1310 style-local-873-c6 position-relative h-element\">\n                  <!---->\n                  <!---->\n                  <div class=\"\">\n                    <h3>Termini di servizio<\/h3>\n                    <p>I presenti Termini di servizio (\u00ab Termini \u00bb) disciplinano il Suo utilizzo del sito web Eventco\u00ae (\u00ab Sito \u00bb) e dei servizi che forniamo (\u00ab Servizi \u00bb). Accedendo al Sito o utilizzando i Servizi, Lei accetta di essere vincolato da questi Termini. Se non accetta questi Termini, La preghiamo di non utilizzare il Sito o i Servizi.<\/p>\n                    <p><strong>1. Utilizzo del Sito<\/strong><\/p>\n                    <p><strong>1.1 Ammissibilit\u00e0<\/strong>\n                      <br>Per utilizzare il Sito e i Servizi \u00e8 necessario avere almeno 18 anni. Utilizzando il Sito e i Servizi, l'utente dichiara e garantisce di soddisfare tale requisito.<\/p>\n                    <p><strong>1.2 Account utente<\/strong>\n                      <br>Per accedere a determinate funzionalit\u00e0 del nostro Sito, potrebbe dover creare un account. Lei \u00e8 responsabile della riservatezza delle informazioni del Suo account e di tutte le attivit\u00e0 che avvengono tramite il Suo account. Accetta di notificarci immediatamente qualsiasi uso non autorizzato del Suo account o qualsiasi altra violazione della sicurezza. Non siamo responsabili per eventuali perdite o danni derivanti dal mancato rispetto della protezione delle informazioni del Suo account.<\/p>\n                    <p><strong>1.3 Attivit\u00e0 vietate<\/strong>\n                      <br>Lei accetta di non:<\/p>\n                    <ul>\n                      <li>Utilizzare il Sito o i Servizi per scopi illeciti<\/li>\n                      <li>Impersonare qualsiasi persona o entit\u00e0<\/li>\n                      <li>Interferire con o interrompere il Sito o i Servizi<\/li>\n                      <li>Utilizzare mezzi automatizzati (ad es. robot o scraper) per accedere al Sito<\/li>\n                      <li>Tentare di accedere senza autorizzazione a qualsiasi parte del Sito<\/li>\n                      <li>Svolgere attivit\u00e0 che potrebbero danneggiare o compromettere il Sito o i Servizi<\/li>\n                    <\/ul>\n                    <p><strong>2. Propriet\u00e0 intellettuale<\/strong><\/p>\n                    <p><strong>2.1 Propriet\u00e0<\/strong>\n                      <br><span style=\"font-weight: 400; font-size: 16px; font-family: &quot;Open Sans&quot;; color: rgb(60, 65, 84);\">Tutti i contenuti, le funzionalit\u00e0, i marchi, i loghi e gli altri diritti di propriet\u00e0 intellettuale visualizzati sul Sito sono di propriet\u00e0 esclusiva di Eventco\u00ae o dei suoi licenziatari e sono protetti dalle leggi vigenti in materia di propriet\u00e0 intellettuale.<\/span><\/p>\n                    <p><strong>2.2 Licenza<\/strong>\n                      <br>Le concediamo una licenza limitata, non esclusiva, non trasferibile e revocabile per utilizzare il Sito e i Servizi a fini personali e non commerciali.<\/p>\n                    <p><strong>3. Pagamenti e rimborsi<\/strong><\/p>\n                    <p><strong>3.1 Termini di pagamento<\/strong>\n                      <br>Ove applicabile, tutti i pagamenti devono essere effettuati in conformit\u00e0 con i termini forniti al momento del preventivo o della conferma d\u2019ordine. Lei accetta di fornire informazioni di pagamento aggiornate e accurate per tutte le transazioni.<\/p>\n                    <p><strong>3.2 Politica di rimborso<\/strong>\n                      <br>La nostra politica di rimborso, se applicabile, sar\u00e0 comunicata caso per caso e inclusa in accordi o fatture individuali. Eventco\u00ae si riserva il diritto di concedere o negare rimborsi in linea con tali accordi.<\/p>\n                    <p>I diritti legali di rimborso o di recesso restano invariati, se applicabili.<\/p>\n                    <p><strong>4. Limitazione di responsabilit\u00e0<\/strong><\/p>\n                    <p><strong>4.1 Esclusione di garanzia<\/strong>\n                      <br>Il Sito e i Servizi sono forniti \u201ccos\u00ec come sono\u201d senza garanzie di alcun tipo. Non garantiamo un funzionamento ininterrotto o privo di errori, n\u00e9 che il nostro Sito o i nostri Servizi siano esenti da virus o componenti dannosi.<\/p>\n                    <p><strong>4.2 Limitazione di responsabilit\u00e0<\/strong>\n                      <br>Nella misura massima consentita dalla legge, Eventco\u00ae, le sue affiliate e i suoi dipendenti non sono responsabili per danni indiretti o consequenziali, inclusi, a titolo esemplificativo ma non esaustivo, perdita di dati, profitti o avviamento.&nbsp;<\/p>\n                    <p>Nulla in questi Termini esclude o limita la responsabilit\u00e0 per dolo o colpa grave, o per qualsiasi altra responsabilit\u00e0 che non possa essere esclusa ai sensi del diritto svizzero.<\/p>\n                    <p><strong>5. Indennizzo<\/strong><\/p>\n                    <p>Lei accetta di indennizzare e tenere indenne Eventco\u00ae e le sue affiliate da qualsiasi reclamo o responsabilit\u00e0 derivante dalla Sua violazione dei presenti Termini o dall\u2019uso improprio del Sito o dei Servizi.<\/p>\n                    <p><strong>6. Terminazione<\/strong><\/p>\n                    <p>Possiamo sospendere o terminare il Suo accesso al Sito o ai Servizi in qualsiasi momento, senza preavviso, se riteniamo che la Sua condotta violi i presenti Termini. Le disposizioni che per loro natura sopravvivono alla cessazione rimarranno in vigore.<\/p>\n                    <p><strong>7. Legge applicabile<\/strong><\/p>\n                    <p>I presenti Termini sono regolati dal diritto svizzero. Eventuali controversie saranno soggette alla giurisdizione esclusiva dei tribunali del Cantone di Zurigo, Svizzera.<\/p>\n                    <p><strong>8. Modifiche ai presenti Termini<\/strong><\/p>\n                    <p>Possiamo aggiornare i presenti Termini in qualsiasi momento. Pubblicheremo gli aggiornamenti su questa pagina e, ove opportuno, informeremo gli utenti. L\u2019uso continuato del Sito dopo gli aggiornamenti costituisce accettazione dei Termini modificati.<\/p>\n                    <p><strong>9. Contatti<\/strong><\/p>\n                    <p>Se ha domande o dubbi riguardo ai presenti Termini:<\/p>\n                    <ul>\n                      <li>Scrivici all\u2019indirizzo e-mail:\n                        <a href=\"mailto:events@eventco.ch\">events@eventco.ch<\/a>\n                      <\/li>\n                      <li>Visita il nostro sito web:\n                        <a href=\"https:\/\/eventco.ch\/it\/\" class=\"customize-unpreviewable\">(www.eventco.ch)<\/a>\n                      <\/li>\n                      <li>Telefono:\n                        <a href=\"tel:+41792892222\">+41 79 289 22 22<\/a>\n                      <\/li>\n                      <li>Eventco\u00ae \u2013 Marchio registrato in Svizzera<\/li>\n                    <\/ul>\n                    <p>\n                      <br>\n                    <\/p>\n                  <\/div>\n                <\/div>\n              <\/div>\n            <\/div>\n          <\/div>\n        <\/div>\n      <\/div>\n    <\/div>\n  <\/div>\n<\/div>","protected":false},"excerpt":{"rendered":"<p>Terms of Service These Terms of Service (&#8220;Terms&#8221;) govern your use of the Eventco\u00ae website (&#8220;Site&#8221;) and the services we provide (&#8220;Services&#8221;). By accessing or using the Site and Services, you agree to be bound by these Terms. If you do not agree to these Terms, please do not use the Site or Services. 1. [&hellip;]<\/p>\n","protected":false},"author":1,"featured_media":0,"parent":0,"menu_order":0,"comment_status":"closed","ping_status":"closed","template":"page-templates\/full-width-page.php","meta":{"footnotes":""},"class_list":["post-873","page","type-page","status-publish","hentry"],"yoast_head":"<!-- This site is optimized with the Yoast SEO plugin v27.6 - https:\/\/yoast.com\/product\/yoast-seo-wordpress\/ -->\n<title>Terms of service - Eventco.<\/title>\n<meta name=\"robots\" content=\"index, follow, max-snippet:-1, max-image-preview:large, max-video-preview:-1\" \/>\n<link rel=\"canonical\" href=\"https:\/\/eventco.ch\/it\/terms-of-service\/\" \/>\n<meta property=\"og:locale\" content=\"it_IT\" \/>\n<meta property=\"og:type\" content=\"article\" \/>\n<meta property=\"og:title\" content=\"Terms of service - Eventco.\" \/>\n<meta property=\"og:description\" content=\"Terms of Service These Terms of Service (&#8220;Terms&#8221;) govern your use of the Eventco\u00ae website (&#8220;Site&#8221;) and the services we provide (&#8220;Services&#8221;). By accessing or using the Site and Services, you agree to be bound by these Terms. If you do not agree to these Terms, please do not use the Site or Services. 1. [&hellip;]\" \/>\n<meta property=\"og:url\" content=\"https:\/\/eventco.ch\/it\/terms-of-service\/\" \/>\n<meta property=\"og:site_name\" content=\"Eventco.\" \/>\n<meta property=\"article:modified_time\" content=\"2025-09-13T20:40:08+00:00\" \/>\n<meta name=\"twitter:card\" content=\"summary_large_image\" \/>\n<meta name=\"twitter:label1\" content=\"Tempo di lettura stimato\" \/>\n\t<meta name=\"twitter:data1\" content=\"3 minuti\" \/>\n<script type=\"application\/ld+json\" class=\"yoast-schema-graph\">{\"@context\":\"https:\\\/\\\/schema.org\",\"@graph\":[{\"@type\":\"WebPage\",\"@id\":\"https:\\\/\\\/eventco.ch\\\/terms-of-service\\\/\",\"url\":\"https:\\\/\\\/eventco.ch\\\/terms-of-service\\\/\",\"name\":\"Terms of service - Eventco.\",\"isPartOf\":{\"@id\":\"https:\\\/\\\/eventco.ch\\\/#website\"},\"datePublished\":\"2024-07-27T20:35:09+00:00\",\"dateModified\":\"2025-09-13T20:40:08+00:00\",\"breadcrumb\":{\"@id\":\"https:\\\/\\\/eventco.ch\\\/terms-of-service\\\/#breadcrumb\"},\"inLanguage\":\"it-IT\",\"potentialAction\":[{\"@type\":\"ReadAction\",\"target\":[\"https:\\\/\\\/eventco.ch\\\/terms-of-service\\\/\"]}]},{\"@type\":\"BreadcrumbList\",\"@id\":\"https:\\\/\\\/eventco.ch\\\/terms-of-service\\\/#breadcrumb\",\"itemListElement\":[{\"@type\":\"ListItem\",\"position\":1,\"name\":\"Home\",\"item\":\"https:\\\/\\\/eventco.ch\\\/\"},{\"@type\":\"ListItem\",\"position\":2,\"name\":\"Terms of service\"}]},{\"@type\":\"WebSite\",\"@id\":\"https:\\\/\\\/eventco.ch\\\/#website\",\"url\":\"https:\\\/\\\/eventco.ch\\\/\",\"name\":\"Eventco.\",\"description\":\"Tailored Events\",\"publisher\":{\"@id\":\"https:\\\/\\\/eventco.ch\\\/#organization\"},\"potentialAction\":[{\"@type\":\"SearchAction\",\"target\":{\"@type\":\"EntryPoint\",\"urlTemplate\":\"https:\\\/\\\/eventco.ch\\\/?s={search_term_string}\"},\"query-input\":{\"@type\":\"PropertyValueSpecification\",\"valueRequired\":true,\"valueName\":\"search_term_string\"}}],\"inLanguage\":\"it-IT\"},{\"@type\":\"Organization\",\"@id\":\"https:\\\/\\\/eventco.ch\\\/#organization\",\"name\":\"Eventco.\",\"url\":\"https:\\\/\\\/eventco.ch\\\/\",\"logo\":{\"@type\":\"ImageObject\",\"inLanguage\":\"it-IT\",\"@id\":\"https:\\\/\\\/eventco.ch\\\/#\\\/schema\\\/logo\\\/image\\\/\",\"url\":\"https:\\\/\\\/eventco.ch\\\/wp-content\\\/uploads\\\/2024\\\/08\\\/cropped-cropped-cropped-Logo-Eventco-Negativo.png\",\"contentUrl\":\"https:\\\/\\\/eventco.ch\\\/wp-content\\\/uploads\\\/2024\\\/08\\\/cropped-cropped-cropped-Logo-Eventco-Negativo.png\",\"width\":542,\"height\":572,\"caption\":\"Eventco.\"},\"image\":{\"@id\":\"https:\\\/\\\/eventco.ch\\\/#\\\/schema\\\/logo\\\/image\\\/\"}}]}<\/script>\n<!-- \/ Yoast SEO plugin. -->","yoast_head_json":{"title":"Terms of service - Eventco.","robots":{"index":"index","follow":"follow","max-snippet":"max-snippet:-1","max-image-preview":"max-image-preview:large","max-video-preview":"max-video-preview:-1"},"canonical":"https:\/\/eventco.ch\/it\/terms-of-service\/","og_locale":"it_IT","og_type":"article","og_title":"Terms of service - Eventco.","og_description":"Terms of Service These Terms of Service (&#8220;Terms&#8221;) govern your use of the Eventco\u00ae website (&#8220;Site&#8221;) and the services we provide (&#8220;Services&#8221;). By accessing or using the Site and Services, you agree to be bound by these Terms. If you do not agree to these Terms, please do not use the Site or Services. 1. [&hellip;]","og_url":"https:\/\/eventco.ch\/it\/terms-of-service\/","og_site_name":"Eventco.","article_modified_time":"2025-09-13T20:40:08+00:00","twitter_card":"summary_large_image","twitter_misc":{"Tempo di lettura stimato":"3 minuti"},"schema":{"@context":"https:\/\/schema.org","@graph":[{"@type":"WebPage","@id":"https:\/\/eventco.ch\/terms-of-service\/","url":"https:\/\/eventco.ch\/terms-of-service\/","name":"Terms of service - Eventco.","isPartOf":{"@id":"https:\/\/eventco.ch\/#website"},"datePublished":"2024-07-27T20:35:09+00:00","dateModified":"2025-09-13T20:40:08+00:00","breadcrumb":{"@id":"https:\/\/eventco.ch\/terms-of-service\/#breadcrumb"},"inLanguage":"it-IT","potentialAction":[{"@type":"ReadAction","target":["https:\/\/eventco.ch\/terms-of-service\/"]}]},{"@type":"BreadcrumbList","@id":"https:\/\/eventco.ch\/terms-of-service\/#breadcrumb","itemListElement":[{"@type":"ListItem","position":1,"name":"Home","item":"https:\/\/eventco.ch\/"},{"@type":"ListItem","position":2,"name":"Terms of service"}]},{"@type":"WebSite","@id":"https:\/\/eventco.ch\/#website","url":"https:\/\/eventco.ch\/","name":"Eventco.","description":"Tailored Events","publisher":{"@id":"https:\/\/eventco.ch\/#organization"},"potentialAction":[{"@type":"SearchAction","target":{"@type":"EntryPoint","urlTemplate":"https:\/\/eventco.ch\/?s={search_term_string}"},"query-input":{"@type":"PropertyValueSpecification","valueRequired":true,"valueName":"search_term_string"}}],"inLanguage":"it-IT"},{"@type":"Organization","@id":"https:\/\/eventco.ch\/#organization","name":"Eventco.","url":"https:\/\/eventco.ch\/","logo":{"@type":"ImageObject","inLanguage":"it-IT","@id":"https:\/\/eventco.ch\/#\/schema\/logo\/image\/","url":"https:\/\/eventco.ch\/wp-content\/uploads\/2024\/08\/cropped-cropped-cropped-Logo-Eventco-Negativo.png","contentUrl":"https:\/\/eventco.ch\/wp-content\/uploads\/2024\/08\/cropped-cropped-cropped-Logo-Eventco-Negativo.png","width":542,"height":572,"caption":"Eventco."},"image":{"@id":"https:\/\/eventco.ch\/#\/schema\/logo\/image\/"}}]}},"_links":{"self":[{"href":"https:\/\/eventco.ch\/it\/wp-json\/wp\/v2\/pages\/873","targetHints":{"allow":["GET"]}}],"collection":[{"href":"https:\/\/eventco.ch\/it\/wp-json\/wp\/v2\/pages"}],"about":[{"href":"https:\/\/eventco.ch\/it\/wp-json\/wp\/v2\/types\/page"}],"author":[{"embeddable":true,"href":"https:\/\/eventco.ch\/it\/wp-json\/wp\/v2\/users\/1"}],"replies":[{"embeddable":true,"href":"https:\/\/eventco.ch\/it\/wp-json\/wp\/v2\/comments?post=873"}],"version-history":[{"count":12,"href":"https:\/\/eventco.ch\/it\/wp-json\/wp\/v2\/pages\/873\/revisions"}],"predecessor-version":[{"id":6928,"href":"https:\/\/eventco.ch\/it\/wp-json\/wp\/v2\/pages\/873\/revisions\/6928"}],"wp:attachment":[{"href":"https:\/\/eventco.ch\/it\/wp-json\/wp\/v2\/media?parent=873"}],"curies":[{"name":"wp","href":"https:\/\/api.w.org\/{rel}","templated":true}]}}