{"id":874,"date":"2024-07-27T20:35:09","date_gmt":"2024-07-27T20:35:09","guid":{"rendered":"https:\/\/eventco.ch\/?page_id=874"},"modified":"2026-02-28T22:35:32","modified_gmt":"2026-02-28T22:35:32","slug":"cookie-policy","status":"publish","type":"page","link":"https:\/\/eventco.ch\/it\/cookie-policy\/","title":{"rendered":"Informativa sui cookie"},"content":{"rendered":"<div data-colibri-id=\"874-c1\" class=\"style-1346 style-local-874-c1 position-relative\">\n  <!---->\n  <div data-colibri-component=\"section\" data-colibri-id=\"874-c2\" id=\"custom\" class=\"h-section h-section-global-spacing d-flex align-items-lg-center align-items-md-center align-items-center style-1347 style-local-874-c2 position-relative\">\n    <!---->\n    <!---->\n    <div class=\"h-section-grid-container h-section-boxed-container\">\n      <!---->\n      <div data-colibri-id=\"874-c3\" class=\"h-row-container gutters-row-lg-2 gutters-row-md-2 gutters-row-0 gutters-row-v-lg-2 gutters-row-v-md-2 gutters-row-v-2 style-1348 style-local-874-c3 position-relative\">\n        <!---->\n        <div class=\"h-row justify-content-lg-center justify-content-md-center justify-content-center align-items-lg-stretch align-items-md-stretch align-items-stretch gutters-col-lg-2 gutters-col-md-2 gutters-col-0 gutters-col-v-lg-2 gutters-col-v-md-2 gutters-col-v-2\">\n          <!---->\n          <div class=\"h-column h-column-container d-flex h-col-lg-auto h-col-md-auto h-col-auto style-1349-outer style-local-874-c4-outer\">\n            <div data-colibri-id=\"874-c4\" class=\"d-flex h-flex-basis h-column__inner h-px-lg-2 h-px-md-2 h-px-2 v-inner-lg-2 v-inner-md-2 v-inner-2 style-1349 style-local-874-c4 position-relative\">\n              <!---->\n              <!---->\n              <div class=\"w-100 h-y-container h-column__content h-column__v-align flex-basis-100 align-self-lg-start align-self-md-start align-self-start\">\n                <!---->\n                <div data-colibri-id=\"874-c5\" class=\"style-1351 style-local-874-c5 position-relative h-element\">\n                  <!---->\n                <\/div>\n                <div data-colibri-id=\"874-c6\" class=\"h-text h-text-component style-1350 style-local-874-c6 position-relative h-element\">\n                  <!---->\n                  <!---->\n                  <div class=\"\">\n                    <h3>Informativa sui cookie<\/h3>\n                    <p><strong>Eventco.\u00ae<\/strong> (\u00abnoi\u00bb, \u00abnostro\u00bb o \u00abnostri\u00bb) utilizza cookie e tecnologie simili sul nostro sito web (\u00abSito\u00bb) per garantire il corretto funzionamento del sito e offrire un\u2019esperienza sicura e facile da usare. La presente Cookie Policy spiega cosa sono i cookie, quali tipi utilizziamo e quali opzioni ha riguardo al loro utilizzo.<\/p>\n                    <h4>1. Cosa sono i cookie?<\/h4>\n                    <p>I cookie sono piccoli file di testo memorizzati sul Suo dispositivo quando visita un sito web. Sono ampiamente utilizzati per consentire il corretto funzionamento dei siti web, migliorare la Sua esperienza di navigazione e raccogliere informazioni su come gli utenti interagiscono con il sito.<\/p>\n                    <h4>2. Tipi di cookie utilizzati<\/h4>\n                    <p>Utilizziamo le seguenti categorie di cookie sul nostro Sito:<\/p>\n                    <ul>\n                      <li><strong>Cookie essenziali (strettamente necessari)<\/strong> \u2013 Questi sono necessari per il corretto funzionamento del sito web e non possono essere disattivati. Sono generalmente impostati in risposta alle azioni da Lei intraprese, come la definizione delle Sue preferenze sui cookie, l\u2019accesso alle aree protette del Sito o l\u2019invio di moduli.<\/li>\n                      <li><strong>Cookie di prestazione \/ analisi<\/strong> \u2013 Questi cookie ci aiutano a capire come i visitatori interagiscono con il nostro sito raccogliendo informazioni come le pagine visitate, il tempo trascorso e le fonti di traffico. Questi dati vengono utilizzati per migliorare la funzionalit\u00e0 e l\u2019esperienza utente del nostro sito. I cookie di analisi vengono impostati solo dopo che ha fornito il Suo esplicito consenso. Senza il Suo consenso, questi cookie non saranno attivati.<\/li>\n                      <li><strong>Cookie di marketing \/ pubblicitari<\/strong> \u2013 Questi cookie vengono utilizzati per fornire pubblicit\u00e0 pertinenti, misurare l\u2019efficacia delle campagne e tracciare i visitatori su diversi siti web. Ci aiutano a presentare contenuti e offerte che potrebbero interessarLe. I cookie di marketing vengono impostati solo dopo che ha fornito il Suo esplicito consenso. Senza il Suo consenso, questi cookie non saranno attivati.<\/li>\n                    <\/ul>\n                    <h4>3. Base giuridica per l\u2019utilizzo dei cookie<\/h4>\n                    <p>Ai sensi della Legge federale svizzera sulla protezione dei dati (nLPD) e del Regolamento generale sulla protezione dei dati (GDPR):<\/p>\n                    <ul>\n                      <li><strong>Cookie essenziali<\/strong> sono necessari per il funzionamento del nostro sito web e vengono utilizzati senza consenso (art. 6, par. 1, lett. f GDPR \/ interessi legittimi). Non possono essere disattivati nei nostri sistemi.<\/li>\n                      <li><strong>Cookie di analisi e di marketing<\/strong> sono utilizzati solo con il Suo esplicito consenso (art. 6, par. 1, lett. a) GDPR). Pu\u00f2 revocare il Suo consenso in qualsiasi momento tramite il nostro banner dei cookie o le impostazioni del Suo browser.<\/li>\n                    <\/ul>\n                    <h4>4. Come gestire o disattivare i cookie<\/h4>\n                    <p>Pu\u00f2 gestire le Sue preferenze sui cookie tramite il nostro banner dei cookie, dove pu\u00f2 accettare tutto, rifiutare tutto o regolare le Sue scelte per categoria. Pu\u00f2 anche gestire o bloccare i cookie modificando le impostazioni del Suo browser.<\/p>\n                    <p>Tieni presente che la disattivazione dei cookie essenziali pu\u00f2 influire sul funzionamento del Sito.<\/p>\n                    <p>Se cancella i Suoi cookie o utilizza un altro browser o dispositivo, potrebbe essere necessario impostare nuovamente le Sue preferenze.<\/p>\n                    <p>Per ulteriori informazioni su come gestire i cookie nel Suo browser, visiti:&nbsp;\n                      <a href=\"https:\/\/www.aboutcookies.org\" target=\"_new\" rel=\"noopener\" class=\"customize-unpreviewable\">www.aboutcookies.org<\/a> o\n                      <a href=\"https:\/\/www.allaboutcookies.org\" target=\"_new\" rel=\"noopener\" class=\"customize-unpreviewable\">www.allaboutcookies.org<\/a>\n                    <\/p>\n                    <h4>5. Aggiornamenti della presente Cookie Policy<\/h4>\n                    <p>Possiamo aggiornare la presente Cookie Policy per riflettere i cambiamenti nella tecnologia, nei requisiti legali o nelle nostre pratiche. Gli aggiornamenti saranno pubblicati su questa pagina con una data di \u00ab Ultimo aggiornamento \u00bb aggiornata.<\/p>\n                    <h4>6. Contatti e ulteriori informazioni<\/h4>\n                    <p>Per ulteriori dettagli su come Eventco\u00ae tratta i Suoi dati personali, i Suoi diritti ai sensi della normativa sulla protezione dei dati e come contattarci, consulti la nostra\n                      <a href=\"https:\/\/eventco.ch\/de\/privacy-notice\">Informativa sulla privacy.<\/a>\n                    <\/p>\n                    <ul>\n                      <li><em>Ultimo aggiornamento: 28 luglio 2025<\/em><\/li>\n                    <\/ul>\n                    <p>\n                      <br>\n                    <\/p>\n                  <\/div>\n                <\/div>\n              <\/div>\n            <\/div>\n          <\/div>\n        <\/div>\n      <\/div>\n    <\/div>\n  <\/div>\n<\/div>","protected":false},"excerpt":{"rendered":"<p>Cookie Policy Eventco.\u00ae (\u201cwe,\u201d \u201cus,\u201d or \u201cour\u201d) uses cookies and similar technologies on our website (\u201cSite\u201d) to ensure the site functions properly and delivers a secure, user-friendly experience. This Cookie Policy explains what cookies are, which types we use, and your options regarding their use. 1. What Are Cookies? Cookies are small text files stored [&hellip;]<\/p>\n","protected":false},"author":1,"featured_media":0,"parent":0,"menu_order":0,"comment_status":"closed","ping_status":"closed","template":"page-templates\/full-width-page.php","meta":{"footnotes":""},"class_list":["post-874","page","type-page","status-publish","hentry"],"yoast_head":"<!-- This site is optimized with the Yoast SEO plugin v27.6 - https:\/\/yoast.com\/product\/yoast-seo-wordpress\/ -->\n<title>Cookie policy - Eventco.<\/title>\n<meta name=\"robots\" content=\"index, follow, max-snippet:-1, max-image-preview:large, max-video-preview:-1\" \/>\n<link rel=\"canonical\" href=\"https:\/\/eventco.ch\/it\/cookie-policy\/\" \/>\n<meta property=\"og:locale\" content=\"it_IT\" \/>\n<meta property=\"og:type\" content=\"article\" \/>\n<meta property=\"og:title\" content=\"Cookie policy - Eventco.\" \/>\n<meta property=\"og:description\" content=\"Cookie Policy Eventco.\u00ae (\u201cwe,\u201d \u201cus,\u201d or \u201cour\u201d) uses cookies and similar technologies on our website (\u201cSite\u201d) to ensure the site functions properly and delivers a secure, user-friendly experience. This Cookie Policy explains what cookies are, which types we use, and your options regarding their use. 1. What Are Cookies? Cookies are small text files stored [&hellip;]\" \/>\n<meta property=\"og:url\" content=\"https:\/\/eventco.ch\/it\/cookie-policy\/\" \/>\n<meta property=\"og:site_name\" content=\"Eventco.\" \/>\n<meta property=\"article:modified_time\" content=\"2026-02-28T22:35:32+00:00\" \/>\n<meta name=\"twitter:card\" content=\"summary_large_image\" \/>\n<meta name=\"twitter:label1\" content=\"Tempo di lettura stimato\" \/>\n\t<meta name=\"twitter:data1\" content=\"3 minuti\" \/>\n<script type=\"application\/ld+json\" class=\"yoast-schema-graph\">{\"@context\":\"https:\\\/\\\/schema.org\",\"@graph\":[{\"@type\":\"WebPage\",\"@id\":\"https:\\\/\\\/eventco.ch\\\/cookie-policy\\\/\",\"url\":\"https:\\\/\\\/eventco.ch\\\/cookie-policy\\\/\",\"name\":\"Cookie policy - Eventco.\",\"isPartOf\":{\"@id\":\"https:\\\/\\\/eventco.ch\\\/#website\"},\"datePublished\":\"2024-07-27T20:35:09+00:00\",\"dateModified\":\"2026-02-28T22:35:32+00:00\",\"breadcrumb\":{\"@id\":\"https:\\\/\\\/eventco.ch\\\/cookie-policy\\\/#breadcrumb\"},\"inLanguage\":\"it-IT\",\"potentialAction\":[{\"@type\":\"ReadAction\",\"target\":[\"https:\\\/\\\/eventco.ch\\\/cookie-policy\\\/\"]}]},{\"@type\":\"BreadcrumbList\",\"@id\":\"https:\\\/\\\/eventco.ch\\\/cookie-policy\\\/#breadcrumb\",\"itemListElement\":[{\"@type\":\"ListItem\",\"position\":1,\"name\":\"Home\",\"item\":\"https:\\\/\\\/eventco.ch\\\/\"},{\"@type\":\"ListItem\",\"position\":2,\"name\":\"Cookie policy\"}]},{\"@type\":\"WebSite\",\"@id\":\"https:\\\/\\\/eventco.ch\\\/#website\",\"url\":\"https:\\\/\\\/eventco.ch\\\/\",\"name\":\"Eventco.\",\"description\":\"Tailored Events\",\"publisher\":{\"@id\":\"https:\\\/\\\/eventco.ch\\\/#organization\"},\"potentialAction\":[{\"@type\":\"SearchAction\",\"target\":{\"@type\":\"EntryPoint\",\"urlTemplate\":\"https:\\\/\\\/eventco.ch\\\/?s={search_term_string}\"},\"query-input\":{\"@type\":\"PropertyValueSpecification\",\"valueRequired\":true,\"valueName\":\"search_term_string\"}}],\"inLanguage\":\"it-IT\"},{\"@type\":\"Organization\",\"@id\":\"https:\\\/\\\/eventco.ch\\\/#organization\",\"name\":\"Eventco.\",\"url\":\"https:\\\/\\\/eventco.ch\\\/\",\"logo\":{\"@type\":\"ImageObject\",\"inLanguage\":\"it-IT\",\"@id\":\"https:\\\/\\\/eventco.ch\\\/#\\\/schema\\\/logo\\\/image\\\/\",\"url\":\"https:\\\/\\\/eventco.ch\\\/wp-content\\\/uploads\\\/2024\\\/08\\\/cropped-cropped-cropped-Logo-Eventco-Negativo.png\",\"contentUrl\":\"https:\\\/\\\/eventco.ch\\\/wp-content\\\/uploads\\\/2024\\\/08\\\/cropped-cropped-cropped-Logo-Eventco-Negativo.png\",\"width\":542,\"height\":572,\"caption\":\"Eventco.\"},\"image\":{\"@id\":\"https:\\\/\\\/eventco.ch\\\/#\\\/schema\\\/logo\\\/image\\\/\"}}]}<\/script>\n<!-- \/ Yoast SEO plugin. -->","yoast_head_json":{"title":"Cookie policy - Eventco.","robots":{"index":"index","follow":"follow","max-snippet":"max-snippet:-1","max-image-preview":"max-image-preview:large","max-video-preview":"max-video-preview:-1"},"canonical":"https:\/\/eventco.ch\/it\/cookie-policy\/","og_locale":"it_IT","og_type":"article","og_title":"Cookie policy - Eventco.","og_description":"Cookie Policy Eventco.\u00ae (\u201cwe,\u201d \u201cus,\u201d or \u201cour\u201d) uses cookies and similar technologies on our website (\u201cSite\u201d) to ensure the site functions properly and delivers a secure, user-friendly experience. This Cookie Policy explains what cookies are, which types we use, and your options regarding their use. 1. What Are Cookies? Cookies are small text files stored [&hellip;]","og_url":"https:\/\/eventco.ch\/it\/cookie-policy\/","og_site_name":"Eventco.","article_modified_time":"2026-02-28T22:35:32+00:00","twitter_card":"summary_large_image","twitter_misc":{"Tempo di lettura stimato":"3 minuti"},"schema":{"@context":"https:\/\/schema.org","@graph":[{"@type":"WebPage","@id":"https:\/\/eventco.ch\/cookie-policy\/","url":"https:\/\/eventco.ch\/cookie-policy\/","name":"Cookie policy - Eventco.","isPartOf":{"@id":"https:\/\/eventco.ch\/#website"},"datePublished":"2024-07-27T20:35:09+00:00","dateModified":"2026-02-28T22:35:32+00:00","breadcrumb":{"@id":"https:\/\/eventco.ch\/cookie-policy\/#breadcrumb"},"inLanguage":"it-IT","potentialAction":[{"@type":"ReadAction","target":["https:\/\/eventco.ch\/cookie-policy\/"]}]},{"@type":"BreadcrumbList","@id":"https:\/\/eventco.ch\/cookie-policy\/#breadcrumb","itemListElement":[{"@type":"ListItem","position":1,"name":"Home","item":"https:\/\/eventco.ch\/"},{"@type":"ListItem","position":2,"name":"Cookie policy"}]},{"@type":"WebSite","@id":"https:\/\/eventco.ch\/#website","url":"https:\/\/eventco.ch\/","name":"Eventco.","description":"Tailored Events","publisher":{"@id":"https:\/\/eventco.ch\/#organization"},"potentialAction":[{"@type":"SearchAction","target":{"@type":"EntryPoint","urlTemplate":"https:\/\/eventco.ch\/?s={search_term_string}"},"query-input":{"@type":"PropertyValueSpecification","valueRequired":true,"valueName":"search_term_string"}}],"inLanguage":"it-IT"},{"@type":"Organization","@id":"https:\/\/eventco.ch\/#organization","name":"Eventco.","url":"https:\/\/eventco.ch\/","logo":{"@type":"ImageObject","inLanguage":"it-IT","@id":"https:\/\/eventco.ch\/#\/schema\/logo\/image\/","url":"https:\/\/eventco.ch\/wp-content\/uploads\/2024\/08\/cropped-cropped-cropped-Logo-Eventco-Negativo.png","contentUrl":"https:\/\/eventco.ch\/wp-content\/uploads\/2024\/08\/cropped-cropped-cropped-Logo-Eventco-Negativo.png","width":542,"height":572,"caption":"Eventco."},"image":{"@id":"https:\/\/eventco.ch\/#\/schema\/logo\/image\/"}}]}},"_links":{"self":[{"href":"https:\/\/eventco.ch\/it\/wp-json\/wp\/v2\/pages\/874","targetHints":{"allow":["GET"]}}],"collection":[{"href":"https:\/\/eventco.ch\/it\/wp-json\/wp\/v2\/pages"}],"about":[{"href":"https:\/\/eventco.ch\/it\/wp-json\/wp\/v2\/types\/page"}],"author":[{"embeddable":true,"href":"https:\/\/eventco.ch\/it\/wp-json\/wp\/v2\/users\/1"}],"replies":[{"embeddable":true,"href":"https:\/\/eventco.ch\/it\/wp-json\/wp\/v2\/comments?post=874"}],"version-history":[{"count":17,"href":"https:\/\/eventco.ch\/it\/wp-json\/wp\/v2\/pages\/874\/revisions"}],"predecessor-version":[{"id":12693,"href":"https:\/\/eventco.ch\/it\/wp-json\/wp\/v2\/pages\/874\/revisions\/12693"}],"wp:attachment":[{"href":"https:\/\/eventco.ch\/it\/wp-json\/wp\/v2\/media?parent=874"}],"curies":[{"name":"wp","href":"https:\/\/api.w.org\/{rel}","templated":true}]}}